{"id":927,"date":"2024-06-20T19:38:22","date_gmt":"2024-06-20T22:38:22","guid":{"rendered":"https:\/\/icbari.com.br\/site\/?page_id=927"},"modified":"2024-07-18T16:54:39","modified_gmt":"2024-07-18T19:54:39","slug":"especialidades","status":"publish","type":"page","link":"https:\/\/icbari.com.br\/site\/especialidades\/","title":{"rendered":"Especialidades"},"content":{"rendered":"\t\t<div data-elementor-type=\"wp-page\" data-elementor-id=\"927\" class=\"elementor elementor-927\" data-elementor-settings=\"{&quot;ha_cmc_init_switcher&quot;:&quot;no&quot;}\" data-elementor-post-type=\"page\">\n\t\t\t\t<div class=\"elementor-element elementor-element-7831ef3 e-flex e-con-boxed wpr-particle-no wpr-jarallax-no wpr-parallax-no wpr-sticky-section-no e-con e-parent\" data-id=\"7831ef3\" data-element_type=\"container\" data-settings=\"{&quot;background_background&quot;:&quot;classic&quot;,&quot;background_motion_fx_motion_fx_scrolling&quot;:&quot;yes&quot;,&quot;background_motion_fx_motion_fx_mouse&quot;:&quot;yes&quot;,&quot;background_motion_fx_mouseTrack_effect&quot;:&quot;yes&quot;,&quot;background_motion_fx_devices&quot;:[&quot;desktop&quot;,&quot;tablet&quot;,&quot;mobile&quot;],&quot;background_motion_fx_mouseTrack_speed&quot;:{&quot;unit&quot;:&quot;px&quot;,&quot;size&quot;:1,&quot;sizes&quot;:[]},&quot;_ha_eqh_enable&quot;:false}\">\n\t\t\t\t\t<div class=\"e-con-inner\">\n\t\t\t\t<div class=\"elementor-element elementor-element-67b51f0 elementor-invisible elementor-widget elementor-widget-heading\" data-id=\"67b51f0\" data-element_type=\"widget\" data-settings=\"{&quot;_animation&quot;:&quot;fadeInUp&quot;}\" data-widget_type=\"heading.default\">\n\t\t\t\t<div class=\"elementor-widget-container\">\n\t\t\t\t\t<h2 class=\"elementor-heading-title elementor-size-default\">ESPECIALIDADES<\/h2>\t\t\t\t<\/div>\n\t\t\t\t<\/div>\n\t\t\t\t<div class=\"elementor-element elementor-element-becac34 elementor-icon-list--layout-inline elementor-list-item-link-inline elementor-align-left e-transform elementor-tablet-align-center ha-has-bg-overlay elementor-invisible elementor-widget elementor-widget-icon-list\" data-id=\"becac34\" data-element_type=\"widget\" data-settings=\"{&quot;_animation&quot;:&quot;fadeInUp&quot;,&quot;_transform_rotateZ_effect&quot;:{&quot;unit&quot;:&quot;px&quot;,&quot;size&quot;:&quot;&quot;,&quot;sizes&quot;:[]},&quot;_transform_rotateZ_effect_tablet&quot;:{&quot;unit&quot;:&quot;deg&quot;,&quot;size&quot;:&quot;&quot;,&quot;sizes&quot;:[]},&quot;_transform_rotateZ_effect_mobile&quot;:{&quot;unit&quot;:&quot;deg&quot;,&quot;size&quot;:&quot;&quot;,&quot;sizes&quot;:[]}}\" data-widget_type=\"icon-list.default\">\n\t\t\t\t<div class=\"elementor-widget-container\">\n\t\t\t\t\t\t\t<ul class=\"elementor-icon-list-items elementor-inline-items\">\n\t\t\t\t\t\t\t<li class=\"elementor-icon-list-item elementor-inline-item\">\n\t\t\t\t\t\t\t\t\t\t\t<a href=\"https:\/\/icbari.com.br\/site\">\n\n\t\t\t\t\t\t\t\t\t\t\t\t<span class=\"elementor-icon-list-icon\">\n\t\t\t\t\t\t\t<i aria-hidden=\"true\" class=\"icon icon-house-1\"><\/i>\t\t\t\t\t\t<\/span>\n\t\t\t\t\t\t\t\t\t\t<span class=\"elementor-icon-list-text\">IN\u00cdCIO<\/span>\n\t\t\t\t\t\t\t\t\t\t\t<\/a>\n\t\t\t\t\t\t\t\t\t<\/li>\n\t\t\t\t\t\t\t\t<li class=\"elementor-icon-list-item elementor-inline-item\">\n\t\t\t\t\t\t\t\t\t\t<span class=\"elementor-icon-list-text\">ESPECIALIDADES<\/span>\n\t\t\t\t\t\t\t\t\t<\/li>\n\t\t\t\t\t\t<\/ul>\n\t\t\t\t\t\t<\/div>\n\t\t\t\t<\/div>\n\t\t\t\t\t<\/div>\n\t\t\t\t<\/div>\n\t\t<div class=\"elementor-element elementor-element-634ba59 e-flex e-con-boxed wpr-particle-no wpr-jarallax-no wpr-parallax-no wpr-sticky-section-no e-con e-parent\" data-id=\"634ba59\" data-element_type=\"container\" data-settings=\"{&quot;_ha_eqh_enable&quot;:false}\">\n\t\t\t\t\t<div class=\"e-con-inner\">\n\t\t\t\t<div data-ep-wrapper-link=\"{&quot;url&quot;:&quot;https:\\\/\\\/icbari.com.br\\\/site\\\/especialidades\\\/cirurgia-bariatrica\\\/&quot;,&quot;is_external&quot;:&quot;&quot;,&quot;nofollow&quot;:&quot;&quot;,&quot;custom_attributes&quot;:&quot;&quot;}\" style=\"cursor: pointer\" class=\"bdt-element-link elementor-element elementor-element-ab4040d elementor-widget__width-initial ekit-equal-height-disable elementor-widget elementor-widget-elementskit-icon-box\" data-id=\"ab4040d\" data-element_type=\"widget\" data-widget_type=\"elementskit-icon-box.default\">\n\t\t\t\t<div class=\"elementor-widget-container\">\n\t\t\t\t\t<div class=\"ekit-wid-con\" >        <!-- link opening -->\n                <!-- end link opening -->\n\n        <div class=\"elementskit-infobox text-center text- icon-top-align elementor-animation-   \">\n                            <div class=\"elementskit-box-header\">\n                <div class=\"elementskit-info-box-icon \">\n                    <img fetchpriority=\"high\" decoding=\"async\" width=\"400\" height=\"400\" src=\"https:\/\/icbari.com.br\/site\/wp-content\/uploads\/2024\/06\/ICONE-CIRURGIA-BARIATRICA2-ICBARI.webp\" class=\"attachment- size-\" alt=\"\" srcset=\"https:\/\/icbari.com.br\/site\/wp-content\/uploads\/2024\/06\/ICONE-CIRURGIA-BARIATRICA2-ICBARI.webp 400w, https:\/\/icbari.com.br\/site\/wp-content\/uploads\/2024\/06\/ICONE-CIRURGIA-BARIATRICA2-ICBARI-300x300.webp 300w, https:\/\/icbari.com.br\/site\/wp-content\/uploads\/2024\/06\/ICONE-CIRURGIA-BARIATRICA2-ICBARI-150x150.webp 150w\" sizes=\"(max-width: 400px) 100vw, 400px\" \/>                <\/div>\n          <\/div>\n                <div class=\"box-body\">\n                            <h3 class=\"elementskit-info-box-title\">\n                    Cirurgia Bari\u00e1trica                <\/h3>\n                                                    <div class=\"box-footer disable_hover_button\">\n                    <div class=\"btn-wraper\">\n                                                            <a class=\"elementskit-btn whitespace--normal elementor-animation-bounce-in\" href=\"https:\/\/icbari.com.br\/site\/especialidades\/cirurgia-bariatrica\/\">\n                                        SAIBA MAIS                                        <i aria-hidden=\"true\" class=\"jki jki-chevron-right-light\"><\/i>                                    <\/a>\n                                                        <\/div>\n                <\/div>\n                    <\/div>\n        \n        \n                <\/div>\n        <\/div>\t\t\t\t<\/div>\n\t\t\t\t<\/div>\n\t\t\t\t<div data-ep-wrapper-link=\"{&quot;url&quot;:&quot;https:\\\/\\\/icbari.com.br\\\/site\\\/especialidades\\\/cirurgia-metabolica\\\/&quot;,&quot;is_external&quot;:&quot;&quot;,&quot;nofollow&quot;:&quot;&quot;,&quot;custom_attributes&quot;:&quot;&quot;}\" style=\"cursor: pointer\" class=\"bdt-element-link elementor-element elementor-element-538a924 elementor-widget__width-initial ekit-equal-height-disable elementor-widget elementor-widget-elementskit-icon-box\" data-id=\"538a924\" data-element_type=\"widget\" data-widget_type=\"elementskit-icon-box.default\">\n\t\t\t\t<div class=\"elementor-widget-container\">\n\t\t\t\t\t<div class=\"ekit-wid-con\" >        <!-- link opening -->\n                <!-- end link opening -->\n\n        <div class=\"elementskit-infobox text-center text- icon-top-align elementor-animation-   \">\n                            <div class=\"elementskit-box-header\">\n                <div class=\"elementskit-info-box-icon \">\n                    <img decoding=\"async\" width=\"400\" height=\"400\" src=\"https:\/\/icbari.com.br\/site\/wp-content\/uploads\/2024\/06\/ICONE-CIRURGIA-DO-APARELHO-DIGESTIVO-ICBARI.webp\" class=\"attachment- size-\" alt=\"\" srcset=\"https:\/\/icbari.com.br\/site\/wp-content\/uploads\/2024\/06\/ICONE-CIRURGIA-DO-APARELHO-DIGESTIVO-ICBARI.webp 400w, https:\/\/icbari.com.br\/site\/wp-content\/uploads\/2024\/06\/ICONE-CIRURGIA-DO-APARELHO-DIGESTIVO-ICBARI-300x300.webp 300w, https:\/\/icbari.com.br\/site\/wp-content\/uploads\/2024\/06\/ICONE-CIRURGIA-DO-APARELHO-DIGESTIVO-ICBARI-150x150.webp 150w\" sizes=\"(max-width: 400px) 100vw, 400px\" \/>                <\/div>\n          <\/div>\n                <div class=\"box-body\">\n                            <h3 class=\"elementskit-info-box-title\">\n                    Cirurgia do Diabetes                <\/h3>\n                                                    <div class=\"box-footer disable_hover_button\">\n                    <div class=\"btn-wraper\">\n                                                            <a class=\"elementskit-btn whitespace--normal elementor-animation-bounce-in\" href=\"https:\/\/icbari.com.br\/site\/especialidades\/cirurgia-metabolica\/\">\n                                        SAIBA MAIS                                        <i aria-hidden=\"true\" class=\"jki jki-chevron-right-light\"><\/i>                                    <\/a>\n                                                        <\/div>\n                <\/div>\n                    <\/div>\n        \n        \n                <\/div>\n        <\/div>\t\t\t\t<\/div>\n\t\t\t\t<\/div>\n\t\t\t\t<div data-ep-wrapper-link=\"{&quot;url&quot;:&quot;https:\\\/\\\/icbari.com.br\\\/site\\\/especialidades\\\/cirurgia-do-aparalho-disgestivo\\\/&quot;,&quot;is_external&quot;:&quot;&quot;,&quot;nofollow&quot;:&quot;&quot;,&quot;custom_attributes&quot;:&quot;&quot;}\" style=\"cursor: pointer\" class=\"bdt-element-link elementor-element elementor-element-682e135 elementor-widget__width-initial ekit-equal-height-disable elementor-widget elementor-widget-elementskit-icon-box\" data-id=\"682e135\" data-element_type=\"widget\" data-widget_type=\"elementskit-icon-box.default\">\n\t\t\t\t<div class=\"elementor-widget-container\">\n\t\t\t\t\t<div class=\"ekit-wid-con\" >        <!-- link opening -->\n                <!-- end link opening -->\n\n        <div class=\"elementskit-infobox text-center text- icon-top-align elementor-animation-   \">\n                            <div class=\"elementskit-box-header\">\n                <div class=\"elementskit-info-box-icon \">\n                    <img decoding=\"async\" width=\"400\" height=\"400\" src=\"https:\/\/icbari.com.br\/site\/wp-content\/uploads\/2024\/06\/ICONE-VESICULA-ICBARI.webp\" class=\"attachment- size-\" alt=\"\" srcset=\"https:\/\/icbari.com.br\/site\/wp-content\/uploads\/2024\/06\/ICONE-VESICULA-ICBARI.webp 400w, https:\/\/icbari.com.br\/site\/wp-content\/uploads\/2024\/06\/ICONE-VESICULA-ICBARI-300x300.webp 300w, https:\/\/icbari.com.br\/site\/wp-content\/uploads\/2024\/06\/ICONE-VESICULA-ICBARI-150x150.webp 150w\" sizes=\"(max-width: 400px) 100vw, 400px\" \/>                <\/div>\n          <\/div>\n                <div class=\"box-body\">\n                            <h3 class=\"elementskit-info-box-title\">\n                    Cirurgia do Aparelho  Digestivo                <\/h3>\n                                                    <div class=\"box-footer disable_hover_button\">\n                    <div class=\"btn-wraper\">\n                                                            <a class=\"elementskit-btn whitespace--normal elementor-animation-bounce-in\" href=\"https:\/\/icbari.com.br\/site\/especialidades\/cirurgia-do-aparalho-disgestivo\/\">\n                                        SAIBA MAIS                                        <i aria-hidden=\"true\" class=\"jki jki-chevron-right-light\"><\/i>                                    <\/a>\n                                                        <\/div>\n                <\/div>\n                    <\/div>\n        \n        \n                <\/div>\n        <\/div>\t\t\t\t<\/div>\n\t\t\t\t<\/div>\n\t\t\t\t<div data-ep-wrapper-link=\"{&quot;url&quot;:&quot;https:\\\/\\\/icbari.com.br\\\/site\\\/especialidades\\\/endocrinologia\\\/&quot;,&quot;is_external&quot;:&quot;&quot;,&quot;nofollow&quot;:&quot;&quot;,&quot;custom_attributes&quot;:&quot;&quot;}\" style=\"cursor: pointer\" class=\"bdt-element-link elementor-element elementor-element-984965f elementor-widget__width-initial ekit-equal-height-disable elementor-widget elementor-widget-elementskit-icon-box\" data-id=\"984965f\" data-element_type=\"widget\" data-widget_type=\"elementskit-icon-box.default\">\n\t\t\t\t<div class=\"elementor-widget-container\">\n\t\t\t\t\t<div class=\"ekit-wid-con\" >        <!-- link opening -->\n                <!-- end link opening -->\n\n        <div class=\"elementskit-infobox text-center text- icon-top-align elementor-animation-   \">\n                            <div class=\"elementskit-box-header\">\n                <div class=\"elementskit-info-box-icon \">\n                    <img loading=\"lazy\" decoding=\"async\" width=\"400\" height=\"400\" src=\"https:\/\/icbari.com.br\/site\/wp-content\/uploads\/2024\/06\/ICONE-ENDOCRINOLOGIA-ICBARI.webp\" class=\"attachment- size-\" alt=\"\" srcset=\"https:\/\/icbari.com.br\/site\/wp-content\/uploads\/2024\/06\/ICONE-ENDOCRINOLOGIA-ICBARI.webp 400w, https:\/\/icbari.com.br\/site\/wp-content\/uploads\/2024\/06\/ICONE-ENDOCRINOLOGIA-ICBARI-300x300.webp 300w, https:\/\/icbari.com.br\/site\/wp-content\/uploads\/2024\/06\/ICONE-ENDOCRINOLOGIA-ICBARI-150x150.webp 150w\" sizes=\"(max-width: 400px) 100vw, 400px\" \/>                <\/div>\n          <\/div>\n                <div class=\"box-body\">\n                            <h3 class=\"elementskit-info-box-title\">\n                    Endocrinologia                <\/h3>\n                                                    <div class=\"box-footer disable_hover_button\">\n                    <div class=\"btn-wraper\">\n                                                            <a class=\"elementskit-btn whitespace--normal elementor-animation-bounce-in\" href=\"https:\/\/icbari.com.br\/site\/especialidades\/endocrinologia\/\">\n                                        SAIBA MAIS                                        <i aria-hidden=\"true\" class=\"jki jki-chevron-right-light\"><\/i>                                    <\/a>\n                                                        <\/div>\n                <\/div>\n                    <\/div>\n        \n        \n                <\/div>\n        <\/div>\t\t\t\t<\/div>\n\t\t\t\t<\/div>\n\t\t\t\t<div data-ep-wrapper-link=\"{&quot;url&quot;:&quot;https:\\\/\\\/icbari.com.br\\\/site\\\/especialidades\\\/nutricao\\\/&quot;,&quot;is_external&quot;:&quot;&quot;,&quot;nofollow&quot;:&quot;&quot;,&quot;custom_attributes&quot;:&quot;&quot;}\" style=\"cursor: pointer\" class=\"bdt-element-link elementor-element elementor-element-904018c elementor-widget__width-initial ekit-equal-height-disable elementor-widget elementor-widget-elementskit-icon-box\" data-id=\"904018c\" data-element_type=\"widget\" data-widget_type=\"elementskit-icon-box.default\">\n\t\t\t\t<div class=\"elementor-widget-container\">\n\t\t\t\t\t<div class=\"ekit-wid-con\" >        <!-- link opening -->\n                <!-- end link opening -->\n\n        <div class=\"elementskit-infobox text-center text- icon-top-align elementor-animation-   \">\n                            <div class=\"elementskit-box-header\">\n                <div class=\"elementskit-info-box-icon \">\n                    <img loading=\"lazy\" decoding=\"async\" width=\"400\" height=\"400\" src=\"https:\/\/icbari.com.br\/site\/wp-content\/uploads\/2024\/06\/ICONE-NUTRICAO-ICBARI.webp\" class=\"attachment- size-\" alt=\"\" srcset=\"https:\/\/icbari.com.br\/site\/wp-content\/uploads\/2024\/06\/ICONE-NUTRICAO-ICBARI.webp 400w, https:\/\/icbari.com.br\/site\/wp-content\/uploads\/2024\/06\/ICONE-NUTRICAO-ICBARI-300x300.webp 300w, https:\/\/icbari.com.br\/site\/wp-content\/uploads\/2024\/06\/ICONE-NUTRICAO-ICBARI-150x150.webp 150w\" sizes=\"(max-width: 400px) 100vw, 400px\" \/>                <\/div>\n          <\/div>\n                <div class=\"box-body\">\n                            <h3 class=\"elementskit-info-box-title\">\n                    Nutri\u00e7\u00e3o                <\/h3>\n                                                    <div class=\"box-footer disable_hover_button\">\n                    <div class=\"btn-wraper\">\n                                                            <a class=\"elementskit-btn whitespace--normal elementor-animation-bounce-in\" href=\"https:\/\/icbari.com.br\/site\/especialidades\/nutricao\/\">\n                                        SAIBA MAIS                                        <i aria-hidden=\"true\" class=\"jki jki-chevron-right-light\"><\/i>                                    <\/a>\n                                                        <\/div>\n                <\/div>\n                    <\/div>\n        \n        \n                <\/div>\n        <\/div>\t\t\t\t<\/div>\n\t\t\t\t<\/div>\n\t\t\t\t<div data-ep-wrapper-link=\"{&quot;url&quot;:&quot;https:\\\/\\\/icbari.com.br\\\/site\\\/especialidades\\\/pneumologia\\\/&quot;,&quot;is_external&quot;:&quot;&quot;,&quot;nofollow&quot;:&quot;&quot;,&quot;custom_attributes&quot;:&quot;&quot;}\" style=\"cursor: pointer\" class=\"bdt-element-link elementor-element elementor-element-ecf618f elementor-widget__width-initial ekit-equal-height-disable elementor-widget elementor-widget-elementskit-icon-box\" data-id=\"ecf618f\" data-element_type=\"widget\" data-widget_type=\"elementskit-icon-box.default\">\n\t\t\t\t<div class=\"elementor-widget-container\">\n\t\t\t\t\t<div class=\"ekit-wid-con\" >        <!-- link opening -->\n                <!-- end link opening -->\n\n        <div class=\"elementskit-infobox text-center text- icon-top-align elementor-animation-   \">\n                            <div class=\"elementskit-box-header\">\n                <div class=\"elementskit-info-box-icon \">\n                    <img loading=\"lazy\" decoding=\"async\" width=\"400\" height=\"400\" src=\"https:\/\/icbari.com.br\/site\/wp-content\/uploads\/2024\/06\/ICONE-PNEUMOLOGIA-ICBARI.webp\" class=\"attachment- size-\" alt=\"\" srcset=\"https:\/\/icbari.com.br\/site\/wp-content\/uploads\/2024\/06\/ICONE-PNEUMOLOGIA-ICBARI.webp 400w, https:\/\/icbari.com.br\/site\/wp-content\/uploads\/2024\/06\/ICONE-PNEUMOLOGIA-ICBARI-300x300.webp 300w, https:\/\/icbari.com.br\/site\/wp-content\/uploads\/2024\/06\/ICONE-PNEUMOLOGIA-ICBARI-150x150.webp 150w\" sizes=\"(max-width: 400px) 100vw, 400px\" \/>                <\/div>\n          <\/div>\n                <div class=\"box-body\">\n                            <h3 class=\"elementskit-info-box-title\">\n                    Pneumologia                <\/h3>\n                                                    <div class=\"box-footer disable_hover_button\">\n                    <div class=\"btn-wraper\">\n                                                            <a class=\"elementskit-btn whitespace--normal elementor-animation-bounce-in\" href=\"https:\/\/icbari.com.br\/site\/especialidades\/pneumologia\/\">\n                                        SAIBA MAIS                                        <i aria-hidden=\"true\" class=\"jki jki-chevron-right-light\"><\/i>                                    <\/a>\n                                                        <\/div>\n                <\/div>\n                    <\/div>\n        \n        \n                <\/div>\n        <\/div>\t\t\t\t<\/div>\n\t\t\t\t<\/div>\n\t\t\t\t<div data-ep-wrapper-link=\"{&quot;url&quot;:&quot;https:\\\/\\\/icbari.com.br\\\/site\\\/especialidades\\\/psicologia\\\/&quot;,&quot;is_external&quot;:&quot;&quot;,&quot;nofollow&quot;:&quot;&quot;,&quot;custom_attributes&quot;:&quot;&quot;}\" style=\"cursor: pointer\" class=\"bdt-element-link elementor-element elementor-element-eb1376d elementor-widget__width-initial ekit-equal-height-disable elementor-widget elementor-widget-elementskit-icon-box\" data-id=\"eb1376d\" data-element_type=\"widget\" data-widget_type=\"elementskit-icon-box.default\">\n\t\t\t\t<div class=\"elementor-widget-container\">\n\t\t\t\t\t<div class=\"ekit-wid-con\" >        <!-- link opening -->\n                <!-- end link opening -->\n\n        <div class=\"elementskit-infobox text-center text- icon-top-align elementor-animation-   \">\n                            <div class=\"elementskit-box-header\">\n                <div class=\"elementskit-info-box-icon \">\n                    <img loading=\"lazy\" decoding=\"async\" width=\"400\" height=\"400\" src=\"https:\/\/icbari.com.br\/site\/wp-content\/uploads\/2024\/06\/ICONE-PSICOLOGIA-ICBARI.webp\" class=\"attachment- size-\" alt=\"\" srcset=\"https:\/\/icbari.com.br\/site\/wp-content\/uploads\/2024\/06\/ICONE-PSICOLOGIA-ICBARI.webp 400w, https:\/\/icbari.com.br\/site\/wp-content\/uploads\/2024\/06\/ICONE-PSICOLOGIA-ICBARI-300x300.webp 300w, https:\/\/icbari.com.br\/site\/wp-content\/uploads\/2024\/06\/ICONE-PSICOLOGIA-ICBARI-150x150.webp 150w\" sizes=\"(max-width: 400px) 100vw, 400px\" \/>                <\/div>\n          <\/div>\n                <div class=\"box-body\">\n                            <h3 class=\"elementskit-info-box-title\">\n                    Psicologia                <\/h3>\n                                                    <div class=\"box-footer disable_hover_button\">\n                    <div class=\"btn-wraper\">\n                                                            <a class=\"elementskit-btn whitespace--normal elementor-animation-bounce-in\" href=\"https:\/\/icbari.com.br\/site\/especialidades\/psicologia\/\">\n                                        SAIBA MAIS                                        <i aria-hidden=\"true\" class=\"jki jki-chevron-right-light\"><\/i>                                    <\/a>\n                                                        <\/div>\n                <\/div>\n                    <\/div>\n        \n        \n                <\/div>\n        <\/div>\t\t\t\t<\/div>\n\t\t\t\t<\/div>\n\t\t\t\t<div class=\"elementor-element elementor-element-70abd4a elementor-widget__width-initial ekit-equal-height-disable elementor-widget elementor-widget-elementskit-icon-box\" data-id=\"70abd4a\" data-element_type=\"widget\" data-widget_type=\"elementskit-icon-box.default\">\n\t\t\t\t<div class=\"elementor-widget-container\">\n\t\t\t\t\t<div class=\"ekit-wid-con\" >        <!-- link opening -->\n                <!-- end link opening -->\n\n        <div class=\"elementskit-infobox text-center text- icon-top-align elementor-animation-   \">\n                            <div class=\"elementskit-box-header\">\n                <div class=\"elementskit-info-box-icon \">\n                    <img decoding=\"async\" src=\"\" title=\"\" alt=\"\" class=\"\" \/>                <\/div>\n          <\/div>\n                <div class=\"box-body\">\n                                            <\/div>\n        \n        \n                <\/div>\n        <\/div>\t\t\t\t<\/div>\n\t\t\t\t<\/div>\n\t\t\t\t\t<\/div>\n\t\t\t\t<\/div>\n\t\t<div class=\"elementor-element elementor-element-8c3a0c5 e-flex e-con-boxed wpr-particle-no wpr-jarallax-no wpr-parallax-no wpr-sticky-section-no e-con e-parent\" data-id=\"8c3a0c5\" data-element_type=\"container\" data-settings=\"{&quot;background_background&quot;:&quot;classic&quot;,&quot;_ha_eqh_enable&quot;:false}\">\n\t\t\t\t\t<div class=\"e-con-inner\">\n\t\t\t\t<div class=\"elementor-element elementor-element-3e07b95 elementor-widget elementor-widget-heading\" data-id=\"3e07b95\" data-element_type=\"widget\" data-widget_type=\"heading.default\">\n\t\t\t\t<div class=\"elementor-widget-container\">\n\t\t\t\t\t<h2 class=\"elementor-heading-title elementor-size-default\">Centro de Excel\u00eancia em Cirurgia Bari\u00e1trica <\/h2>\t\t\t\t<\/div>\n\t\t\t\t<\/div>\n\t\t\t\t<div class=\"elementor-element elementor-element-9625a44 elementor-widget__width-initial elementor-widget-tablet__width-initial elementor-widget elementor-widget-heading\" data-id=\"9625a44\" data-element_type=\"widget\" data-widget_type=\"heading.default\">\n\t\t\t\t<div class=\"elementor-widget-container\">\n\t\t\t\t\t<h2 class=\"elementor-heading-title elementor-size-default\">Cirurgia minimamente invasiva, de f\u00e1cil e r\u00e1pida recupera\u00e7\u00e3o e que deixa m\u00ednimas marcas.<\/h2>\t\t\t\t<\/div>\n\t\t\t\t<\/div>\n\t\t\t\t<div class=\"elementor-element elementor-element-ab4c7c0 elementor-widget elementor-widget-button\" data-id=\"ab4c7c0\" data-element_type=\"widget\" data-widget_type=\"button.default\">\n\t\t\t\t<div class=\"elementor-widget-container\">\n\t\t\t\t\t\t\t\t\t<div class=\"elementor-button-wrapper\">\n\t\t\t\t\t<a class=\"elementor-button elementor-button-link elementor-size-sm elementor-animation-grow\" href=\"https:\/\/api.whatsapp.com\/send?phone=5561992045624&#038;text=Ol%C3%A1!%20Gostaria%20de%20agendar%20uma%20consulta\">\n\t\t\t\t\t\t<span class=\"elementor-button-content-wrapper\">\n\t\t\t\t\t\t<span class=\"elementor-button-icon\">\n\t\t\t\t<svg aria-hidden=\"true\" class=\"e-font-icon-svg e-fab-whatsapp\" viewBox=\"0 0 448 512\" xmlns=\"http:\/\/www.w3.org\/2000\/svg\"><path d=\"M380.9 97.1C339 55.1 283.2 32 223.9 32c-122.4 0-222 99.6-222 222 0 39.1 10.2 77.3 29.6 111L0 480l117.7-30.9c32.4 17.7 68.9 27 106.1 27h.1c122.3 0 224.1-99.6 224.1-222 0-59.3-25.2-115-67.1-157zm-157 341.6c-33.2 0-65.7-8.9-94-25.7l-6.7-4-69.8 18.3L72 359.2l-4.4-7c-18.5-29.4-28.2-63.3-28.2-98.2 0-101.7 82.8-184.5 184.6-184.5 49.3 0 95.6 19.2 130.4 54.1 34.8 34.9 56.2 81.2 56.1 130.5 0 101.8-84.9 184.6-186.6 184.6zm101.2-138.2c-5.5-2.8-32.8-16.2-37.9-18-5.1-1.9-8.8-2.8-12.5 2.8-3.7 5.6-14.3 18-17.6 21.8-3.2 3.7-6.5 4.2-12 1.4-32.6-16.3-54-29.1-75.5-66-5.7-9.8 5.7-9.1 16.3-30.3 1.8-3.7.9-6.9-.5-9.7-1.4-2.8-12.5-30.1-17.1-41.2-4.5-10.8-9.1-9.3-12.5-9.5-3.2-.2-6.9-.2-10.6-.2-3.7 0-9.7 1.4-14.8 6.9-5.1 5.6-19.4 19-19.4 46.3 0 27.3 19.9 53.7 22.6 57.4 2.8 3.7 39.1 59.7 94.8 83.8 35.2 15.2 49 16.5 66.6 13.9 10.7-1.6 32.8-13.4 37.4-26.4 4.6-13 4.6-24.1 3.2-26.4-1.3-2.5-5-3.9-10.5-6.6z\"><\/path><\/svg>\t\t\t<\/span>\n\t\t\t\t\t\t\t\t\t<span class=\"elementor-button-text\">AGENDAR CONSULTA<\/span>\n\t\t\t\t\t<\/span>\n\t\t\t\t\t<\/a>\n\t\t\t\t<\/div>\n\t\t\t\t\t\t\t\t<\/div>\n\t\t\t\t<\/div>\n\t\t\t\t\t<\/div>\n\t\t\t\t<\/div>\n\t\t\t\t<\/div>\n\t\t","protected":false},"excerpt":{"rendered":"<p>ESPECIALIDADES IN\u00cdCIO ESPECIALIDADES Cirurgia Bari\u00e1trica SAIBA MAIS Cirurgia do Diabetes SAIBA MAIS Cirurgia do Aparelho Digestivo SAIBA MAIS Endocrinologia SAIBA MAIS Nutri\u00e7\u00e3o SAIBA MAIS Pneumologia SAIBA MAIS Psicologia SAIBA MAIS Centro de Excel\u00eancia em Cirurgia Bari\u00e1trica Cirurgia minimamente invasiva, de f\u00e1cil e r\u00e1pida recupera\u00e7\u00e3o e que deixa m\u00ednimas marcas. AGENDAR CONSULTA<\/p>\n","protected":false},"author":1,"featured_media":0,"parent":0,"menu_order":0,"comment_status":"closed","ping_status":"closed","template":"elementor_header_footer","meta":{"footnotes":""},"class_list":["post-927","page","type-page","status-publish","hentry"],"_links":{"self":[{"href":"https:\/\/icbari.com.br\/site\/wp-json\/wp\/v2\/pages\/927","targetHints":{"allow":["GET"]}}],"collection":[{"href":"https:\/\/icbari.com.br\/site\/wp-json\/wp\/v2\/pages"}],"about":[{"href":"https:\/\/icbari.com.br\/site\/wp-json\/wp\/v2\/types\/page"}],"author":[{"embeddable":true,"href":"https:\/\/icbari.com.br\/site\/wp-json\/wp\/v2\/users\/1"}],"replies":[{"embeddable":true,"href":"https:\/\/icbari.com.br\/site\/wp-json\/wp\/v2\/comments?post=927"}],"version-history":[{"count":60,"href":"https:\/\/icbari.com.br\/site\/wp-json\/wp\/v2\/pages\/927\/revisions"}],"predecessor-version":[{"id":2412,"href":"https:\/\/icbari.com.br\/site\/wp-json\/wp\/v2\/pages\/927\/revisions\/2412"}],"wp:attachment":[{"href":"https:\/\/icbari.com.br\/site\/wp-json\/wp\/v2\/media?parent=927"}],"curies":[{"name":"wp","href":"https:\/\/api.w.org\/{rel}","templated":true}]}}