{"id":461,"date":"2024-06-19T20:10:36","date_gmt":"2024-06-19T23:10:36","guid":{"rendered":"https:\/\/icbari.com.br\/site\/?page_id=461"},"modified":"2025-05-13T17:19:52","modified_gmt":"2025-05-13T20:19:52","slug":"corpo-clinico","status":"publish","type":"page","link":"https:\/\/icbari.com.br\/site\/corpo-clinico\/","title":{"rendered":"Corpo Cl\u00ednico"},"content":{"rendered":"\t\t<div data-elementor-type=\"wp-page\" data-elementor-id=\"461\" class=\"elementor elementor-461\" data-elementor-settings=\"{&quot;ha_cmc_init_switcher&quot;:&quot;no&quot;}\" data-elementor-post-type=\"page\">\n\t\t\t\t<div class=\"elementor-element elementor-element-9f7040e e-flex e-con-boxed wpr-particle-no wpr-jarallax-no wpr-parallax-no wpr-sticky-section-no e-con e-parent\" data-id=\"9f7040e\" data-element_type=\"container\" data-settings=\"{&quot;background_background&quot;:&quot;classic&quot;,&quot;background_motion_fx_motion_fx_scrolling&quot;:&quot;yes&quot;,&quot;background_motion_fx_motion_fx_mouse&quot;:&quot;yes&quot;,&quot;background_motion_fx_mouseTrack_effect&quot;:&quot;yes&quot;,&quot;background_motion_fx_devices&quot;:[&quot;desktop&quot;,&quot;tablet&quot;,&quot;mobile&quot;],&quot;background_motion_fx_mouseTrack_speed&quot;:{&quot;unit&quot;:&quot;px&quot;,&quot;size&quot;:1,&quot;sizes&quot;:[]},&quot;_ha_eqh_enable&quot;:false}\">\n\t\t\t\t\t<div class=\"e-con-inner\">\n\t\t\t\t<div class=\"elementor-element elementor-element-7fac173 elementor-invisible elementor-widget elementor-widget-heading\" data-id=\"7fac173\" data-element_type=\"widget\" data-settings=\"{&quot;_animation&quot;:&quot;fadeInUp&quot;}\" data-widget_type=\"heading.default\">\n\t\t\t\t<div class=\"elementor-widget-container\">\n\t\t\t\t\t<h2 class=\"elementor-heading-title elementor-size-default\">CORPO CL\u00cdNICO<\/h2>\t\t\t\t<\/div>\n\t\t\t\t<\/div>\n\t\t\t\t<div class=\"elementor-element elementor-element-3eba0ad elementor-icon-list--layout-inline elementor-list-item-link-inline elementor-align-left e-transform elementor-tablet-align-center ha-has-bg-overlay elementor-invisible elementor-widget elementor-widget-icon-list\" data-id=\"3eba0ad\" data-element_type=\"widget\" data-settings=\"{&quot;_animation&quot;:&quot;fadeInUp&quot;,&quot;_transform_rotateZ_effect&quot;:{&quot;unit&quot;:&quot;px&quot;,&quot;size&quot;:&quot;&quot;,&quot;sizes&quot;:[]},&quot;_transform_rotateZ_effect_tablet&quot;:{&quot;unit&quot;:&quot;deg&quot;,&quot;size&quot;:&quot;&quot;,&quot;sizes&quot;:[]},&quot;_transform_rotateZ_effect_mobile&quot;:{&quot;unit&quot;:&quot;deg&quot;,&quot;size&quot;:&quot;&quot;,&quot;sizes&quot;:[]}}\" data-widget_type=\"icon-list.default\">\n\t\t\t\t<div class=\"elementor-widget-container\">\n\t\t\t\t\t\t\t<ul class=\"elementor-icon-list-items elementor-inline-items\">\n\t\t\t\t\t\t\t<li class=\"elementor-icon-list-item elementor-inline-item\">\n\t\t\t\t\t\t\t\t\t\t\t<a href=\"https:\/\/icbari.com.br\/site\">\n\n\t\t\t\t\t\t\t\t\t\t\t\t<span class=\"elementor-icon-list-icon\">\n\t\t\t\t\t\t\t<i aria-hidden=\"true\" class=\"icon icon-house-1\"><\/i>\t\t\t\t\t\t<\/span>\n\t\t\t\t\t\t\t\t\t\t<span class=\"elementor-icon-list-text\">IN\u00cdCIO<\/span>\n\t\t\t\t\t\t\t\t\t\t\t<\/a>\n\t\t\t\t\t\t\t\t\t<\/li>\n\t\t\t\t\t\t\t\t<li class=\"elementor-icon-list-item elementor-inline-item\">\n\t\t\t\t\t\t\t\t\t\t<span class=\"elementor-icon-list-text\">CORPO CL\u00cdNICO<\/span>\n\t\t\t\t\t\t\t\t\t<\/li>\n\t\t\t\t\t\t<\/ul>\n\t\t\t\t\t\t<\/div>\n\t\t\t\t<\/div>\n\t\t\t\t\t<\/div>\n\t\t\t\t<\/div>\n\t\t<div class=\"elementor-element elementor-element-9a266fa e-flex e-con-boxed wpr-particle-no wpr-jarallax-no wpr-parallax-no wpr-sticky-section-no e-con e-parent\" data-id=\"9a266fa\" data-element_type=\"container\" data-settings=\"{&quot;_ha_eqh_enable&quot;:false}\">\n\t\t\t\t\t<div class=\"e-con-inner\">\n\t\t<div class=\"elementor-element elementor-element-7827072 e-con-full e-flex wpr-particle-no wpr-jarallax-no wpr-parallax-no wpr-sticky-section-no e-con e-child\" data-id=\"7827072\" data-element_type=\"container\" data-settings=\"{&quot;_ha_eqh_enable&quot;:false}\">\n\t\t\t\t<div class=\"elementor-element elementor-element-5ba8c1e elementor-widget elementor-widget-image\" data-id=\"5ba8c1e\" data-element_type=\"widget\" data-widget_type=\"image.default\">\n\t\t\t\t<div class=\"elementor-widget-container\">\n\t\t\t\t\t\t\t\t\t\t\t\t\t\t\t<img fetchpriority=\"high\" decoding=\"async\" width=\"800\" height=\"1000\" src=\"https:\/\/icbari.com.br\/site\/wp-content\/uploads\/2024\/06\/CORPO-CLINICO-ICBARI-DR.-WANDER-CARVALHO-CIRURGIAO-BARIATRICO-E-METABOLICO-2-819x1024.webp\" class=\"attachment-large size-large wp-image-1405\" alt=\"\" srcset=\"https:\/\/icbari.com.br\/site\/wp-content\/uploads\/2024\/06\/CORPO-CLINICO-ICBARI-DR.-WANDER-CARVALHO-CIRURGIAO-BARIATRICO-E-METABOLICO-2-819x1024.webp 819w, https:\/\/icbari.com.br\/site\/wp-content\/uploads\/2024\/06\/CORPO-CLINICO-ICBARI-DR.-WANDER-CARVALHO-CIRURGIAO-BARIATRICO-E-METABOLICO-2-240x300.webp 240w, https:\/\/icbari.com.br\/site\/wp-content\/uploads\/2024\/06\/CORPO-CLINICO-ICBARI-DR.-WANDER-CARVALHO-CIRURGIAO-BARIATRICO-E-METABOLICO-2-768x960.webp 768w, https:\/\/icbari.com.br\/site\/wp-content\/uploads\/2024\/06\/CORPO-CLINICO-ICBARI-DR.-WANDER-CARVALHO-CIRURGIAO-BARIATRICO-E-METABOLICO-2.webp 1080w\" sizes=\"(max-width: 800px) 100vw, 800px\" \/>\t\t\t\t\t\t\t\t\t\t\t\t\t\t\t<\/div>\n\t\t\t\t<\/div>\n\t\t\t\t<div class=\"elementor-element elementor-element-5691ba1 eael-dual-header-content-align-center ha-has-bg-overlay elementor-widget elementor-widget-eael-dual-color-header\" data-id=\"5691ba1\" data-element_type=\"widget\" data-widget_type=\"eael-dual-color-header.default\">\n\t\t\t\t<div class=\"elementor-widget-container\">\n\t\t\t\t\t\t\t\t<div class=\"eael-dual-header\">\n\t\t\t\t<h1 class=\"title eael-dch-title\"><span class=\"eael-dch-title-text eael-dch-title-lead lead solid-color\">DR. WANDER ALYSSON CARVALHO<\/span> <span class=\"eael-dch-title-text\"><\/span><\/h1>\t\t\t\t\t<span class=\"subtext\"><p>Cirurgi\u00e3o Bari\u00e1trico &amp; Metab\u00f3lico<\/p><p>CRM-DF: 21361 \u2022 RQE 18848 | RQE 18939<\/p><\/span>\n\t\t\t\t\t\t\t<\/div>\n\n\t\t\t\t\t\t<\/div>\n\t\t\t\t<\/div>\n\t\t\t\t<\/div>\n\t\t<div class=\"elementor-element elementor-element-18f40bd e-con-full e-flex wpr-particle-no wpr-jarallax-no wpr-parallax-no wpr-sticky-section-no e-con e-child\" data-id=\"18f40bd\" data-element_type=\"container\" data-settings=\"{&quot;_ha_eqh_enable&quot;:false}\">\n\t\t\t\t<div class=\"elementor-element elementor-element-7b92722 elementor-widget elementor-widget-image\" data-id=\"7b92722\" data-element_type=\"widget\" data-widget_type=\"image.default\">\n\t\t\t\t<div class=\"elementor-widget-container\">\n\t\t\t\t\t\t\t\t\t\t\t\t\t\t\t<img decoding=\"async\" width=\"800\" height=\"1000\" src=\"https:\/\/icbari.com.br\/site\/wp-content\/uploads\/2024\/06\/CORPO-CLINICO-ICBARI-DR.-PEDRO-PINHEIRO-CIRURGIAO-BARIATRICO-E-METABOLICO-2-819x1024.webp\" class=\"attachment-large size-large wp-image-1391\" alt=\"\" srcset=\"https:\/\/icbari.com.br\/site\/wp-content\/uploads\/2024\/06\/CORPO-CLINICO-ICBARI-DR.-PEDRO-PINHEIRO-CIRURGIAO-BARIATRICO-E-METABOLICO-2-819x1024.webp 819w, https:\/\/icbari.com.br\/site\/wp-content\/uploads\/2024\/06\/CORPO-CLINICO-ICBARI-DR.-PEDRO-PINHEIRO-CIRURGIAO-BARIATRICO-E-METABOLICO-2-240x300.webp 240w, https:\/\/icbari.com.br\/site\/wp-content\/uploads\/2024\/06\/CORPO-CLINICO-ICBARI-DR.-PEDRO-PINHEIRO-CIRURGIAO-BARIATRICO-E-METABOLICO-2-768x960.webp 768w, https:\/\/icbari.com.br\/site\/wp-content\/uploads\/2024\/06\/CORPO-CLINICO-ICBARI-DR.-PEDRO-PINHEIRO-CIRURGIAO-BARIATRICO-E-METABOLICO-2.webp 1080w\" sizes=\"(max-width: 800px) 100vw, 800px\" \/>\t\t\t\t\t\t\t\t\t\t\t\t\t\t\t<\/div>\n\t\t\t\t<\/div>\n\t\t\t\t<div class=\"elementor-element elementor-element-c222ab4 eael-dual-header-content-align-center ha-has-bg-overlay elementor-widget elementor-widget-eael-dual-color-header\" data-id=\"c222ab4\" data-element_type=\"widget\" data-widget_type=\"eael-dual-color-header.default\">\n\t\t\t\t<div class=\"elementor-widget-container\">\n\t\t\t\t\t\t\t\t<div class=\"eael-dual-header\">\n\t\t\t\t<h1 class=\"title eael-dch-title\"><span class=\"eael-dch-title-text eael-dch-title-lead lead solid-color\">DR. PEDRO PINHEIRO DE LEMOS NETO<\/span> <span class=\"eael-dch-title-text\"><\/span><\/h1>\t\t\t\t\t<span class=\"subtext\"><p>Cirurgi\u00e3o Bari\u00e1trico &amp; Metab\u00f3lico<\/p><p>CRM-DF: 19056 \u2022 RQE 19197 | RQE 12525<\/p><\/span>\n\t\t\t\t\t\t\t<\/div>\n\n\t\t\t\t\t\t<\/div>\n\t\t\t\t<\/div>\n\t\t\t\t<\/div>\n\t\t<div class=\"elementor-element elementor-element-81a8547 e-con-full e-flex wpr-particle-no wpr-jarallax-no wpr-parallax-no wpr-sticky-section-no e-con e-child\" data-id=\"81a8547\" data-element_type=\"container\" data-settings=\"{&quot;_ha_eqh_enable&quot;:false}\">\n\t\t\t\t<div class=\"elementor-element elementor-element-123da47 elementor-widget elementor-widget-image\" data-id=\"123da47\" data-element_type=\"widget\" data-widget_type=\"image.default\">\n\t\t\t\t<div class=\"elementor-widget-container\">\n\t\t\t\t\t\t\t\t\t\t\t\t\t\t\t<img decoding=\"async\" width=\"800\" height=\"1000\" src=\"https:\/\/icbari.com.br\/site\/wp-content\/uploads\/2025\/05\/FOTO_corpo_clinico-819x1024.png\" class=\"attachment-large size-large wp-image-2491\" alt=\"\" srcset=\"https:\/\/icbari.com.br\/site\/wp-content\/uploads\/2025\/05\/FOTO_corpo_clinico-819x1024.png 819w, https:\/\/icbari.com.br\/site\/wp-content\/uploads\/2025\/05\/FOTO_corpo_clinico-240x300.png 240w, https:\/\/icbari.com.br\/site\/wp-content\/uploads\/2025\/05\/FOTO_corpo_clinico-768x960.png 768w, https:\/\/icbari.com.br\/site\/wp-content\/uploads\/2025\/05\/FOTO_corpo_clinico.png 1080w\" sizes=\"(max-width: 800px) 100vw, 800px\" \/>\t\t\t\t\t\t\t\t\t\t\t\t\t\t\t<\/div>\n\t\t\t\t<\/div>\n\t\t\t\t<div class=\"elementor-element elementor-element-498705b eael-dual-header-content-align-center ha-has-bg-overlay elementor-widget elementor-widget-eael-dual-color-header\" data-id=\"498705b\" data-element_type=\"widget\" data-widget_type=\"eael-dual-color-header.default\">\n\t\t\t\t<div class=\"elementor-widget-container\">\n\t\t\t\t\t\t\t\t<div class=\"eael-dual-header\">\n\t\t\t\t<h1 class=\"title eael-dch-title\"><span class=\"eael-dch-title-text eael-dch-title-lead lead solid-color\">Dr. Gibran Silva Elias<\/span> <span class=\"eael-dch-title-text\"><\/span><\/h1>\t\t\t\t\t<span class=\"subtext\"><p>m\u00e9dico da fam\u00edlia e comunidade<\/p><p>CRM-DF: 23394 \u2022 RQE 21515<\/p><\/span>\n\t\t\t\t\t\t\t<\/div>\n\n\t\t\t\t\t\t<\/div>\n\t\t\t\t<\/div>\n\t\t\t\t<\/div>\n\t\t\t\t\t<\/div>\n\t\t\t\t<\/div>\n\t\t<div class=\"elementor-element elementor-element-0f1c031 e-flex e-con-boxed wpr-particle-no wpr-jarallax-no wpr-parallax-no wpr-sticky-section-no e-con e-parent\" data-id=\"0f1c031\" data-element_type=\"container\" data-settings=\"{&quot;_ha_eqh_enable&quot;:false}\">\n\t\t\t\t\t<div class=\"e-con-inner\">\n\t\t<div class=\"elementor-element elementor-element-0d2e3c2 e-con-full e-flex wpr-particle-no wpr-jarallax-no wpr-parallax-no wpr-sticky-section-no e-con e-child\" data-id=\"0d2e3c2\" data-element_type=\"container\" data-settings=\"{&quot;_ha_eqh_enable&quot;:false}\">\n\t\t\t\t<div class=\"elementor-element elementor-element-ac75c15 elementor-widget elementor-widget-image\" data-id=\"ac75c15\" data-element_type=\"widget\" data-widget_type=\"image.default\">\n\t\t\t\t<div class=\"elementor-widget-container\">\n\t\t\t\t\t\t\t\t\t\t\t\t\t\t\t<img loading=\"lazy\" decoding=\"async\" width=\"800\" height=\"1000\" src=\"https:\/\/icbari.com.br\/site\/wp-content\/uploads\/2024\/06\/Corpo-Clinico-copiar-819x1024.webp\" class=\"attachment-large size-large wp-image-483\" alt=\"\" srcset=\"https:\/\/icbari.com.br\/site\/wp-content\/uploads\/2024\/06\/Corpo-Clinico-copiar-819x1024.webp 819w, https:\/\/icbari.com.br\/site\/wp-content\/uploads\/2024\/06\/Corpo-Clinico-copiar-240x300.webp 240w, https:\/\/icbari.com.br\/site\/wp-content\/uploads\/2024\/06\/Corpo-Clinico-copiar-768x960.webp 768w, https:\/\/icbari.com.br\/site\/wp-content\/uploads\/2024\/06\/Corpo-Clinico-copiar.webp 1080w\" sizes=\"(max-width: 800px) 100vw, 800px\" \/>\t\t\t\t\t\t\t\t\t\t\t\t\t\t\t<\/div>\n\t\t\t\t<\/div>\n\t\t\t\t<div class=\"elementor-element elementor-element-ae76181 eael-dual-header-content-align-center ha-has-bg-overlay elementor-widget elementor-widget-eael-dual-color-header\" data-id=\"ae76181\" data-element_type=\"widget\" data-widget_type=\"eael-dual-color-header.default\">\n\t\t\t\t<div class=\"elementor-widget-container\">\n\t\t\t\t\t\t\t\t<div class=\"eael-dual-header\">\n\t\t\t\t<h1 class=\"title eael-dch-title\"><span class=\"eael-dch-title-text eael-dch-title-lead lead solid-color\">DRA. MARIANA BRAZ MENDES RORIZ<\/span> <span class=\"eael-dch-title-text\"><\/span><\/h1>\t\t\t\t\t<span class=\"subtext\"><p>NUTRICIONISTA<\/p><p>CRN1 &#8211; 13410<\/p><\/span>\n\t\t\t\t\t\t\t<\/div>\n\n\t\t\t\t\t\t<\/div>\n\t\t\t\t<\/div>\n\t\t\t\t<\/div>\n\t\t<div class=\"elementor-element elementor-element-6c60ee5 e-con-full e-flex wpr-particle-no wpr-jarallax-no wpr-parallax-no wpr-sticky-section-no e-con e-child\" data-id=\"6c60ee5\" data-element_type=\"container\" data-settings=\"{&quot;_ha_eqh_enable&quot;:false}\">\n\t\t\t\t<div class=\"elementor-element elementor-element-4327641 elementor-widget elementor-widget-image\" data-id=\"4327641\" data-element_type=\"widget\" data-widget_type=\"image.default\">\n\t\t\t\t<div class=\"elementor-widget-container\">\n\t\t\t\t\t\t\t\t\t\t\t\t\t\t\t<img loading=\"lazy\" decoding=\"async\" width=\"800\" height=\"1000\" src=\"https:\/\/icbari.com.br\/site\/wp-content\/uploads\/2024\/06\/CORPO-CLINICO-ICBARI-DR.-DANIEL-HEYDEN-BOCZAR-PNEUMOLOGISTA-819x1024.webp\" class=\"attachment-large size-large wp-image-1404\" alt=\"\" srcset=\"https:\/\/icbari.com.br\/site\/wp-content\/uploads\/2024\/06\/CORPO-CLINICO-ICBARI-DR.-DANIEL-HEYDEN-BOCZAR-PNEUMOLOGISTA-819x1024.webp 819w, https:\/\/icbari.com.br\/site\/wp-content\/uploads\/2024\/06\/CORPO-CLINICO-ICBARI-DR.-DANIEL-HEYDEN-BOCZAR-PNEUMOLOGISTA-240x300.webp 240w, https:\/\/icbari.com.br\/site\/wp-content\/uploads\/2024\/06\/CORPO-CLINICO-ICBARI-DR.-DANIEL-HEYDEN-BOCZAR-PNEUMOLOGISTA-768x960.webp 768w, https:\/\/icbari.com.br\/site\/wp-content\/uploads\/2024\/06\/CORPO-CLINICO-ICBARI-DR.-DANIEL-HEYDEN-BOCZAR-PNEUMOLOGISTA.webp 1080w\" sizes=\"(max-width: 800px) 100vw, 800px\" \/>\t\t\t\t\t\t\t\t\t\t\t\t\t\t\t<\/div>\n\t\t\t\t<\/div>\n\t\t\t\t<div class=\"elementor-element elementor-element-d394a7f eael-dual-header-content-align-center ha-has-bg-overlay elementor-widget elementor-widget-eael-dual-color-header\" data-id=\"d394a7f\" data-element_type=\"widget\" data-widget_type=\"eael-dual-color-header.default\">\n\t\t\t\t<div class=\"elementor-widget-container\">\n\t\t\t\t\t\t\t\t<div class=\"eael-dual-header\">\n\t\t\t\t<h1 class=\"title eael-dch-title\"><span class=\"eael-dch-title-text eael-dch-title-lead lead solid-color\">  Dr. Daniel Heyden      Boczar  <\/span> <span class=\"eael-dch-title-text\"><\/span><\/h1>\t\t\t\t\t<span class=\"subtext\"><p>Pneumologista<\/p><p>CRM-DF 11745 \u2022 RQE 7127<\/p><\/span>\n\t\t\t\t\t\t\t<\/div>\n\n\t\t\t\t\t\t<\/div>\n\t\t\t\t<\/div>\n\t\t\t\t<\/div>\n\t\t<div class=\"elementor-element elementor-element-349f354 e-con-full e-flex wpr-particle-no wpr-jarallax-no wpr-parallax-no wpr-sticky-section-no e-con e-child\" data-id=\"349f354\" data-element_type=\"container\" data-settings=\"{&quot;_ha_eqh_enable&quot;:false}\">\n\t\t\t\t<div class=\"elementor-element elementor-element-6f328d1 elementor-widget elementor-widget-image\" data-id=\"6f328d1\" data-element_type=\"widget\" data-widget_type=\"image.default\">\n\t\t\t\t<div class=\"elementor-widget-container\">\n\t\t\t\t\t\t\t\t\t\t\t\t\t\t\t<img loading=\"lazy\" decoding=\"async\" width=\"800\" height=\"1000\" src=\"https:\/\/icbari.com.br\/site\/wp-content\/uploads\/2024\/08\/CORPO-CLINICO-ICBARI-DRA-LEICIVAN-PSICOLOGA-819x1024.webp\" class=\"attachment-large size-large wp-image-2441\" alt=\"\" srcset=\"https:\/\/icbari.com.br\/site\/wp-content\/uploads\/2024\/08\/CORPO-CLINICO-ICBARI-DRA-LEICIVAN-PSICOLOGA-819x1024.webp 819w, https:\/\/icbari.com.br\/site\/wp-content\/uploads\/2024\/08\/CORPO-CLINICO-ICBARI-DRA-LEICIVAN-PSICOLOGA-240x300.webp 240w, https:\/\/icbari.com.br\/site\/wp-content\/uploads\/2024\/08\/CORPO-CLINICO-ICBARI-DRA-LEICIVAN-PSICOLOGA-768x960.webp 768w, https:\/\/icbari.com.br\/site\/wp-content\/uploads\/2024\/08\/CORPO-CLINICO-ICBARI-DRA-LEICIVAN-PSICOLOGA.webp 1080w\" sizes=\"(max-width: 800px) 100vw, 800px\" \/>\t\t\t\t\t\t\t\t\t\t\t\t\t\t\t<\/div>\n\t\t\t\t<\/div>\n\t\t\t\t<div class=\"elementor-element elementor-element-9573739 eael-dual-header-content-align-center ha-has-bg-overlay elementor-widget elementor-widget-eael-dual-color-header\" data-id=\"9573739\" data-element_type=\"widget\" data-widget_type=\"eael-dual-color-header.default\">\n\t\t\t\t<div class=\"elementor-widget-container\">\n\t\t\t\t\t\t\t\t<div class=\"eael-dual-header\">\n\t\t\t\t<h1 class=\"title eael-dch-title\"><span class=\"eael-dch-title-text eael-dch-title-lead lead solid-color\">DRA. LEICIVAN DE SOUZA SANTOS<\/span> <span class=\"eael-dch-title-text\"><\/span><\/h1>\t\t\t\t\t<span class=\"subtext\"><p>PSIC\u00d3LOGA<\/p><p>CRP &#8211; 18835<\/p><\/span>\n\t\t\t\t\t\t\t<\/div>\n\n\t\t\t\t\t\t<\/div>\n\t\t\t\t<\/div>\n\t\t\t\t<\/div>\n\t\t\t\t\t<\/div>\n\t\t\t\t<\/div>\n\t\t\t\t<\/div>\n\t\t","protected":false},"excerpt":{"rendered":"<p>CORPO CL\u00cdNICO IN\u00cdCIO CORPO CL\u00cdNICO DR. WANDER ALYSSON CARVALHO Cirurgi\u00e3o Bari\u00e1trico &amp; Metab\u00f3lico CRM-DF: 21361 \u2022 RQE 18848 | RQE 18939 DR. PEDRO PINHEIRO DE LEMOS NETO Cirurgi\u00e3o Bari\u00e1trico &amp; Metab\u00f3lico CRM-DF: 19056 \u2022 RQE 19197 | RQE 12525 Dr. Gibran Silva Elias m\u00e9dico da fam\u00edlia e comunidade CRM-DF: 23394 \u2022 RQE 21515 DRA. MARIANA BRAZ MENDES RORIZ NUTRICIONISTA CRN1 &#8211; 13410 Dr. Daniel Heyden Boczar Pneumologista CRM-DF 11745 \u2022 RQE 7127 DRA. LEICIVAN DE SOUZA SANTOS PSIC\u00d3LOGA CRP &#8211; 18835<\/p>\n","protected":false},"author":1,"featured_media":0,"parent":0,"menu_order":0,"comment_status":"closed","ping_status":"closed","template":"elementor_header_footer","meta":{"footnotes":""},"class_list":["post-461","page","type-page","status-publish","hentry"],"_links":{"self":[{"href":"https:\/\/icbari.com.br\/site\/wp-json\/wp\/v2\/pages\/461","targetHints":{"allow":["GET"]}}],"collection":[{"href":"https:\/\/icbari.com.br\/site\/wp-json\/wp\/v2\/pages"}],"about":[{"href":"https:\/\/icbari.com.br\/site\/wp-json\/wp\/v2\/types\/page"}],"author":[{"embeddable":true,"href":"https:\/\/icbari.com.br\/site\/wp-json\/wp\/v2\/users\/1"}],"replies":[{"embeddable":true,"href":"https:\/\/icbari.com.br\/site\/wp-json\/wp\/v2\/comments?post=461"}],"version-history":[{"count":18,"href":"https:\/\/icbari.com.br\/site\/wp-json\/wp\/v2\/pages\/461\/revisions"}],"predecessor-version":[{"id":2494,"href":"https:\/\/icbari.com.br\/site\/wp-json\/wp\/v2\/pages\/461\/revisions\/2494"}],"wp:attachment":[{"href":"https:\/\/icbari.com.br\/site\/wp-json\/wp\/v2\/media?parent=461"}],"curies":[{"name":"wp","href":"https:\/\/api.w.org\/{rel}","templated":true}]}}