{"id":1952,"date":"2024-07-10T10:00:58","date_gmt":"2024-07-10T13:00:58","guid":{"rendered":"https:\/\/icbari.com.br\/site\/?page_id=1952"},"modified":"2024-07-10T14:19:04","modified_gmt":"2024-07-10T17:19:04","slug":"endocrinologia","status":"publish","type":"page","link":"https:\/\/icbari.com.br\/site\/especialidades\/endocrinologia\/","title":{"rendered":"Endocrinologia"},"content":{"rendered":"\t\t<div data-elementor-type=\"wp-page\" data-elementor-id=\"1952\" class=\"elementor elementor-1952\" data-elementor-settings=\"{&quot;ha_cmc_init_switcher&quot;:&quot;no&quot;}\" data-elementor-post-type=\"page\">\n\t\t\t\t<div class=\"elementor-element elementor-element-df1a5e4 e-flex e-con-boxed wpr-particle-no wpr-jarallax-no wpr-parallax-no wpr-sticky-section-no e-con e-parent\" data-id=\"df1a5e4\" data-element_type=\"container\" data-settings=\"{&quot;background_background&quot;:&quot;gradient&quot;,&quot;_ha_eqh_enable&quot;:false}\">\n\t\t\t\t\t<div class=\"e-con-inner\">\n\t\t\t\t\t<\/div>\n\t\t\t\t<\/div>\n\t\t<div class=\"elementor-element elementor-element-4ee0267 e-flex e-con-boxed wpr-particle-no wpr-jarallax-no wpr-parallax-no wpr-sticky-section-no e-con e-parent\" data-id=\"4ee0267\" data-element_type=\"container\" data-settings=\"{&quot;_ha_eqh_enable&quot;:false}\">\n\t\t\t\t\t<div class=\"e-con-inner\">\n\t\t<div class=\"elementor-element elementor-element-325e1b3 e-con-full e-flex wpr-particle-no wpr-jarallax-no wpr-parallax-no wpr-sticky-section-no e-con e-child\" data-id=\"325e1b3\" data-element_type=\"container\" data-settings=\"{&quot;background_background&quot;:&quot;classic&quot;,&quot;_ha_eqh_enable&quot;:false}\">\n\t\t\t\t<div class=\"elementor-element elementor-element-eb1df6e elementor-icon-list--layout-inline elementor-list-item-link-inline elementor-align-left e-transform elementor-tablet-align-center ha-has-bg-overlay elementor-invisible elementor-widget elementor-widget-icon-list\" data-id=\"eb1df6e\" data-element_type=\"widget\" data-settings=\"{&quot;_animation&quot;:&quot;fadeInLeft&quot;,&quot;_transform_rotateZ_effect&quot;:{&quot;unit&quot;:&quot;px&quot;,&quot;size&quot;:&quot;&quot;,&quot;sizes&quot;:[]},&quot;_transform_rotateZ_effect_tablet&quot;:{&quot;unit&quot;:&quot;deg&quot;,&quot;size&quot;:&quot;&quot;,&quot;sizes&quot;:[]},&quot;_transform_rotateZ_effect_mobile&quot;:{&quot;unit&quot;:&quot;deg&quot;,&quot;size&quot;:&quot;&quot;,&quot;sizes&quot;:[]}}\" data-widget_type=\"icon-list.default\">\n\t\t\t\t<div class=\"elementor-widget-container\">\n\t\t\t\t\t\t\t<ul class=\"elementor-icon-list-items elementor-inline-items\">\n\t\t\t\t\t\t\t<li class=\"elementor-icon-list-item elementor-inline-item\">\n\t\t\t\t\t\t\t\t\t\t\t<a href=\"https:\/\/icbari.com.br\/site\">\n\n\t\t\t\t\t\t\t\t\t\t\t\t<span class=\"elementor-icon-list-icon\">\n\t\t\t\t\t\t\t<svg aria-hidden=\"true\" class=\"e-font-icon-svg e-fas-home\" viewBox=\"0 0 576 512\" xmlns=\"http:\/\/www.w3.org\/2000\/svg\"><path d=\"M280.37 148.26L96 300.11V464a16 16 0 0 0 16 16l112.06-.29a16 16 0 0 0 15.92-16V368a16 16 0 0 1 16-16h64a16 16 0 0 1 16 16v95.64a16 16 0 0 0 16 16.05L464 480a16 16 0 0 0 16-16V300L295.67 148.26a12.19 12.19 0 0 0-15.3 0zM571.6 251.47L488 182.56V44.05a12 12 0 0 0-12-12h-56a12 12 0 0 0-12 12v72.61L318.47 43a48 48 0 0 0-61 0L4.34 251.47a12 12 0 0 0-1.6 16.9l25.5 31A12 12 0 0 0 45.15 301l235.22-193.74a12.19 12.19 0 0 1 15.3 0L530.9 301a12 12 0 0 0 16.9-1.6l25.5-31a12 12 0 0 0-1.7-16.93z\"><\/path><\/svg>\t\t\t\t\t\t<\/span>\n\t\t\t\t\t\t\t\t\t\t<span class=\"elementor-icon-list-text\">IN\u00cdCIO<\/span>\n\t\t\t\t\t\t\t\t\t\t\t<\/a>\n\t\t\t\t\t\t\t\t\t<\/li>\n\t\t\t\t\t\t\t\t<li class=\"elementor-icon-list-item elementor-inline-item\">\n\t\t\t\t\t\t\t\t\t\t\t<a href=\"https:\/\/icbari.com.br\/site\/especialidades\/\">\n\n\t\t\t\t\t\t\t\t\t\t\t<span class=\"elementor-icon-list-text\">ESPECIALIDADES<\/span>\n\t\t\t\t\t\t\t\t\t\t\t<\/a>\n\t\t\t\t\t\t\t\t\t<\/li>\n\t\t\t\t\t\t\t\t<li class=\"elementor-icon-list-item elementor-inline-item\">\n\t\t\t\t\t\t\t\t\t\t\t<a href=\"https:\/\/icbari.com.br\/site\/especialidades\/endocrinologia\/\">\n\n\t\t\t\t\t\t\t\t\t\t\t<span class=\"elementor-icon-list-text\">ENDOCRINOLOGIA<\/span>\n\t\t\t\t\t\t\t\t\t\t\t<\/a>\n\t\t\t\t\t\t\t\t\t<\/li>\n\t\t\t\t\t\t<\/ul>\n\t\t\t\t\t\t<\/div>\n\t\t\t\t<\/div>\n\t\t\t\t<div class=\"elementor-element elementor-element-7c388cb elementor-widget elementor-widget-heading\" data-id=\"7c388cb\" data-element_type=\"widget\" data-widget_type=\"heading.default\">\n\t\t\t\t<div class=\"elementor-widget-container\">\n\t\t\t\t\t<h2 class=\"elementor-heading-title elementor-size-default\">ENDOCRINOLOGIA<\/h2>\t\t\t\t<\/div>\n\t\t\t\t<\/div>\n\t\t\t\t<\/div>\n\t\t\t\t\t<\/div>\n\t\t\t\t<\/div>\n\t\t<div class=\"elementor-element elementor-element-febfaac e-flex e-con-boxed wpr-particle-no wpr-jarallax-no wpr-parallax-no wpr-sticky-section-no e-con e-parent\" data-id=\"febfaac\" data-element_type=\"container\" data-settings=\"{&quot;_ha_eqh_enable&quot;:false}\">\n\t\t\t\t\t<div class=\"e-con-inner\">\n\t\t<div class=\"elementor-element elementor-element-1d8826e e-con-full e-flex wpr-particle-no wpr-jarallax-no wpr-parallax-no wpr-sticky-section-no e-con e-child\" data-id=\"1d8826e\" data-element_type=\"container\" data-settings=\"{&quot;_ha_eqh_enable&quot;:false}\">\n\t\t\t\t<div class=\"elementor-element elementor-element-e14f40c elementor-widget elementor-widget-text-editor\" data-id=\"e14f40c\" data-element_type=\"widget\" data-widget_type=\"text-editor.default\">\n\t\t\t\t<div class=\"elementor-widget-container\">\n\t\t\t\t\t\t\t\t\t<h6><strong>O que \u00e9?<\/strong><\/h6><p>A Endocrinologia \u00e9 a especialidade m\u00e9dica dedicada ao estudo e tratamento dos dist\u00farbios hormonais e das gl\u00e2ndulas end\u00f3crinas, que incluem a tireoide, p\u00e2ncreas, gl\u00e2ndulas adrenais, hip\u00f3fise, ov\u00e1rios e test\u00edculos.<\/p><h6><strong>Papel do Endocrinologista na Cirurgia Bari\u00e1trica<\/strong><\/h6><p>No contexto da cirurgia bari\u00e1trica, o endocrinologista desempenha um papel crucial tanto na prepara\u00e7\u00e3o quanto no acompanhamento p\u00f3s-operat\u00f3rio dos pacientes.<\/p><h6><strong>Avalia\u00e7\u00e3o Pr\u00e9-Operat\u00f3ria<\/strong><\/h6><p>\u25ba Avalia\u00e7\u00e3o Metab\u00f3lica: Diagn\u00f3stico e manejo de condi\u00e7\u00f5es metab\u00f3licas associadas, como diabetes mellitus tipo 2, dislipidemia e hipertens\u00e3o.<br \/>\u25ba Exames Hormonais: Realiza\u00e7\u00e3o de exames para identificar poss\u00edveis desequil\u00edbrios hormonais que possam influenciar os resultados da cirurgia.<br \/>\u25ba Orienta\u00e7\u00e3o Nutricional: Colabora\u00e7\u00e3o com nutricionistas para ajustar planos alimentares que otimizem o estado nutricional do paciente antes da cirurgia.<\/p><h6><strong>Acompanhamento P\u00f3s-Operat\u00f3rio<\/strong><\/h6><p>\u25ba Monitoramento de Complica\u00e7\u00f5es: Identifica\u00e7\u00e3o e tratamento de complica\u00e7\u00f5es hormonais que podem surgir ap\u00f3s a cirurgia, como defici\u00eancias de vitaminas e minerais.<br \/>\u25ba Gest\u00e3o de Peso: Aux\u00edlio no controle de peso a longo prazo, garantindo que o paciente atinja e mantenha os objetivos de perda de peso.<br \/>\u25ba Ajustes Terap\u00eauticos: Ajuste de medica\u00e7\u00f5es para doen\u00e7as pr\u00e9-existentes, como diabetes e hipertens\u00e3o, conforme necess\u00e1rio ap\u00f3s a perda de peso.<\/p>\t\t\t\t\t\t\t\t<\/div>\n\t\t\t\t<\/div>\n\t\t\t\t<\/div>\n\t\t<div class=\"elementor-element elementor-element-0d2bb36 e-con-full e-flex wpr-particle-no wpr-jarallax-no wpr-parallax-no wpr-sticky-section-no e-con e-child\" data-id=\"0d2bb36\" data-element_type=\"container\" data-settings=\"{&quot;_ha_eqh_enable&quot;:false}\">\n\t\t<div class=\"elementor-element elementor-element-0c7ab3e e-con-full e-flex wpr-particle-no wpr-jarallax-no wpr-parallax-no wpr-sticky-section-no e-con e-child\" data-id=\"0c7ab3e\" data-element_type=\"container\" data-settings=\"{&quot;_ha_eqh_enable&quot;:false}\">\n\t\t\t\t<div class=\"elementor-element elementor-element-10153ad elementor-widget elementor-widget-image\" data-id=\"10153ad\" data-element_type=\"widget\" data-widget_type=\"image.default\">\n\t\t\t\t<div class=\"elementor-widget-container\">\n\t\t\t\t\t\t\t\t\t\t\t\t\t\t\t<img fetchpriority=\"high\" decoding=\"async\" width=\"800\" height=\"1000\" src=\"https:\/\/icbari.com.br\/site\/wp-content\/uploads\/2024\/07\/ENDOCRINOLOGIA-ICBARI.webp\" class=\"attachment-large size-large wp-image-2066\" alt=\"\" srcset=\"https:\/\/icbari.com.br\/site\/wp-content\/uploads\/2024\/07\/ENDOCRINOLOGIA-ICBARI.webp 800w, https:\/\/icbari.com.br\/site\/wp-content\/uploads\/2024\/07\/ENDOCRINOLOGIA-ICBARI-240x300.webp 240w, https:\/\/icbari.com.br\/site\/wp-content\/uploads\/2024\/07\/ENDOCRINOLOGIA-ICBARI-768x960.webp 768w\" sizes=\"(max-width: 800px) 100vw, 800px\" \/>\t\t\t\t\t\t\t\t\t\t\t\t\t\t\t<\/div>\n\t\t\t\t<\/div>\n\t\t\t\t<\/div>\n\t\t\t\t<\/div>\n\t\t\t\t\t<\/div>\n\t\t\t\t<\/div>\n\t\t<div class=\"elementor-element elementor-element-a746307 e-flex e-con-boxed wpr-particle-no wpr-jarallax-no wpr-parallax-no wpr-sticky-section-no e-con e-parent\" data-id=\"a746307\" data-element_type=\"container\" data-settings=\"{&quot;background_background&quot;:&quot;classic&quot;,&quot;_ha_eqh_enable&quot;:false}\">\n\t\t\t\t\t<div class=\"e-con-inner\">\n\t\t\t\t\t<\/div>\n\t\t\t\t<\/div>\n\t\t<div class=\"elementor-element elementor-element-8e5a827 e-flex e-con-boxed wpr-particle-no wpr-jarallax-no wpr-parallax-no wpr-sticky-section-no e-con e-parent\" data-id=\"8e5a827\" data-element_type=\"container\" data-settings=\"{&quot;_ha_eqh_enable&quot;:false}\">\n\t\t\t\t\t<div class=\"e-con-inner\">\n\t\t<div class=\"elementor-element elementor-element-2aa686a e-con-full e-transform e-transform e-flex wpr-particle-no wpr-jarallax-no wpr-parallax-no wpr-sticky-section-no elementor-invisible e-con e-child\" data-id=\"2aa686a\" data-element_type=\"container\" data-settings=\"{&quot;background_background&quot;:&quot;classic&quot;,&quot;animation&quot;:&quot;fadeInUp&quot;,&quot;_transform_scale_effect_hover&quot;:{&quot;unit&quot;:&quot;px&quot;,&quot;size&quot;:1.1,&quot;sizes&quot;:[]},&quot;_ha_eqh_enable&quot;:false,&quot;_transform_translateX_effect&quot;:{&quot;unit&quot;:&quot;px&quot;,&quot;size&quot;:&quot;&quot;,&quot;sizes&quot;:[]},&quot;_transform_translateX_effect_tablet&quot;:{&quot;unit&quot;:&quot;px&quot;,&quot;size&quot;:&quot;&quot;,&quot;sizes&quot;:[]},&quot;_transform_translateX_effect_mobile&quot;:{&quot;unit&quot;:&quot;px&quot;,&quot;size&quot;:&quot;&quot;,&quot;sizes&quot;:[]},&quot;_transform_translateY_effect&quot;:{&quot;unit&quot;:&quot;px&quot;,&quot;size&quot;:&quot;&quot;,&quot;sizes&quot;:[]},&quot;_transform_translateY_effect_tablet&quot;:{&quot;unit&quot;:&quot;px&quot;,&quot;size&quot;:&quot;&quot;,&quot;sizes&quot;:[]},&quot;_transform_translateY_effect_mobile&quot;:{&quot;unit&quot;:&quot;px&quot;,&quot;size&quot;:&quot;&quot;,&quot;sizes&quot;:[]},&quot;_transform_scale_effect_hover_tablet&quot;:{&quot;unit&quot;:&quot;px&quot;,&quot;size&quot;:&quot;&quot;,&quot;sizes&quot;:[]},&quot;_transform_scale_effect_hover_mobile&quot;:{&quot;unit&quot;:&quot;px&quot;,&quot;size&quot;:&quot;&quot;,&quot;sizes&quot;:[]}}\">\n\t\t\t\t<div class=\"elementor-element elementor-element-852c13e elementor-widget elementor-widget-heading\" data-id=\"852c13e\" data-element_type=\"widget\" data-widget_type=\"heading.default\">\n\t\t\t\t<div class=\"elementor-widget-container\">\n\t\t\t\t\t<h2 class=\"elementor-heading-title elementor-size-default\">Agende sua consulta<\/h2>\t\t\t\t<\/div>\n\t\t\t\t<\/div>\n\t\t\t\t<div class=\"elementor-element elementor-element-499a010 elementor-widget__width-initial elementor-widget elementor-widget-text-editor\" data-id=\"499a010\" data-element_type=\"widget\" data-widget_type=\"text-editor.default\">\n\t\t\t\t<div class=\"elementor-widget-container\">\n\t\t\t\t\t\t\t\t\t<p>Venha nos visitar e d\u00ea o primeiro passo em sua jornada para uma vida mais saud\u00e1vel e plena.<\/p>\t\t\t\t\t\t\t\t<\/div>\n\t\t\t\t<\/div>\n\t\t\t\t<div class=\"elementor-element elementor-element-fecaf2d elementor-align-center elementor-tablet-align-center elementor-mobile-align-justify elementor-widget__width-inherit elementor-widget-tablet__width-initial elementor-widget-mobile__width-inherit elementor-widget elementor-widget-button\" data-id=\"fecaf2d\" data-element_type=\"widget\" data-widget_type=\"button.default\">\n\t\t\t\t<div class=\"elementor-widget-container\">\n\t\t\t\t\t\t\t\t\t<div class=\"elementor-button-wrapper\">\n\t\t\t\t\t<a class=\"elementor-button elementor-button-link elementor-size-sm elementor-animation-shrink\" href=\"https:\/\/api.whatsapp.com\/send?phone=5561992045624&#038;text=Ol%C3%A1!%20Gostaria%20de%20agendar%20uma%20consulta\" target=\"_blank\">\n\t\t\t\t\t\t<span class=\"elementor-button-content-wrapper\">\n\t\t\t\t\t\t<span class=\"elementor-button-icon\">\n\t\t\t\t<svg aria-hidden=\"true\" class=\"e-font-icon-svg e-fab-whatsapp\" viewBox=\"0 0 448 512\" xmlns=\"http:\/\/www.w3.org\/2000\/svg\"><path d=\"M380.9 97.1C339 55.1 283.2 32 223.9 32c-122.4 0-222 99.6-222 222 0 39.1 10.2 77.3 29.6 111L0 480l117.7-30.9c32.4 17.7 68.9 27 106.1 27h.1c122.3 0 224.1-99.6 224.1-222 0-59.3-25.2-115-67.1-157zm-157 341.6c-33.2 0-65.7-8.9-94-25.7l-6.7-4-69.8 18.3L72 359.2l-4.4-7c-18.5-29.4-28.2-63.3-28.2-98.2 0-101.7 82.8-184.5 184.6-184.5 49.3 0 95.6 19.2 130.4 54.1 34.8 34.9 56.2 81.2 56.1 130.5 0 101.8-84.9 184.6-186.6 184.6zm101.2-138.2c-5.5-2.8-32.8-16.2-37.9-18-5.1-1.9-8.8-2.8-12.5 2.8-3.7 5.6-14.3 18-17.6 21.8-3.2 3.7-6.5 4.2-12 1.4-32.6-16.3-54-29.1-75.5-66-5.7-9.8 5.7-9.1 16.3-30.3 1.8-3.7.9-6.9-.5-9.7-1.4-2.8-12.5-30.1-17.1-41.2-4.5-10.8-9.1-9.3-12.5-9.5-3.2-.2-6.9-.2-10.6-.2-3.7 0-9.7 1.4-14.8 6.9-5.1 5.6-19.4 19-19.4 46.3 0 27.3 19.9 53.7 22.6 57.4 2.8 3.7 39.1 59.7 94.8 83.8 35.2 15.2 49 16.5 66.6 13.9 10.7-1.6 32.8-13.4 37.4-26.4 4.6-13 4.6-24.1 3.2-26.4-1.3-2.5-5-3.9-10.5-6.6z\"><\/path><\/svg>\t\t\t<\/span>\n\t\t\t\t\t\t\t\t\t<span class=\"elementor-button-text\">AGENDAR CONSULTA<\/span>\n\t\t\t\t\t<\/span>\n\t\t\t\t\t<\/a>\n\t\t\t\t<\/div>\n\t\t\t\t\t\t\t\t<\/div>\n\t\t\t\t<\/div>\n\t\t\t\t<\/div>\n\t\t\t\t\t<\/div>\n\t\t\t\t<\/div>\n\t\t\t\t<\/div>\n\t\t","protected":false},"excerpt":{"rendered":"<p>IN\u00cdCIO ESPECIALIDADES ENDOCRINOLOGIA ENDOCRINOLOGIA O que \u00e9? A Endocrinologia \u00e9 a especialidade m\u00e9dica dedicada ao estudo e tratamento dos dist\u00farbios hormonais e das gl\u00e2ndulas end\u00f3crinas, que incluem a tireoide, p\u00e2ncreas, gl\u00e2ndulas adrenais, hip\u00f3fise, ov\u00e1rios e test\u00edculos. Papel do Endocrinologista na Cirurgia Bari\u00e1trica No contexto da cirurgia bari\u00e1trica, o endocrinologista desempenha um papel crucial tanto na prepara\u00e7\u00e3o quanto no acompanhamento p\u00f3s-operat\u00f3rio dos pacientes. Avalia\u00e7\u00e3o Pr\u00e9-Operat\u00f3ria \u25ba Avalia\u00e7\u00e3o Metab\u00f3lica: Diagn\u00f3stico e manejo de condi\u00e7\u00f5es metab\u00f3licas associadas, como diabetes mellitus tipo 2, dislipidemia e hipertens\u00e3o.\u25ba Exames Hormonais: Realiza\u00e7\u00e3o de exames para identificar poss\u00edveis desequil\u00edbrios hormonais que possam influenciar os resultados da cirurgia.\u25ba Orienta\u00e7\u00e3o Nutricional: Colabora\u00e7\u00e3o com nutricionistas para ajustar planos alimentares que otimizem o estado nutricional do paciente antes da cirurgia. Acompanhamento P\u00f3s-Operat\u00f3rio \u25ba Monitoramento de Complica\u00e7\u00f5es: Identifica\u00e7\u00e3o e tratamento de complica\u00e7\u00f5es hormonais que podem surgir ap\u00f3s a cirurgia, como defici\u00eancias de vitaminas e minerais.\u25ba Gest\u00e3o de Peso: Aux\u00edlio no controle de peso a longo prazo, garantindo que o paciente atinja e mantenha os objetivos de perda de peso.\u25ba Ajustes Terap\u00eauticos: Ajuste de medica\u00e7\u00f5es para doen\u00e7as pr\u00e9-existentes, como diabetes e hipertens\u00e3o, conforme necess\u00e1rio ap\u00f3s a perda de peso. Agende sua consulta Venha nos visitar e d\u00ea o primeiro passo em sua jornada para uma vida mais saud\u00e1vel e plena. AGENDAR CONSULTA<\/p>\n","protected":false},"author":1,"featured_media":0,"parent":927,"menu_order":0,"comment_status":"closed","ping_status":"closed","template":"elementor_header_footer","meta":{"footnotes":""},"class_list":["post-1952","page","type-page","status-publish","hentry"],"_links":{"self":[{"href":"https:\/\/icbari.com.br\/site\/wp-json\/wp\/v2\/pages\/1952","targetHints":{"allow":["GET"]}}],"collection":[{"href":"https:\/\/icbari.com.br\/site\/wp-json\/wp\/v2\/pages"}],"about":[{"href":"https:\/\/icbari.com.br\/site\/wp-json\/wp\/v2\/types\/page"}],"author":[{"embeddable":true,"href":"https:\/\/icbari.com.br\/site\/wp-json\/wp\/v2\/users\/1"}],"replies":[{"embeddable":true,"href":"https:\/\/icbari.com.br\/site\/wp-json\/wp\/v2\/comments?post=1952"}],"version-history":[{"count":167,"href":"https:\/\/icbari.com.br\/site\/wp-json\/wp\/v2\/pages\/1952\/revisions"}],"predecessor-version":[{"id":2261,"href":"https:\/\/icbari.com.br\/site\/wp-json\/wp\/v2\/pages\/1952\/revisions\/2261"}],"up":[{"embeddable":true,"href":"https:\/\/icbari.com.br\/site\/wp-json\/wp\/v2\/pages\/927"}],"wp:attachment":[{"href":"https:\/\/icbari.com.br\/site\/wp-json\/wp\/v2\/media?parent=1952"}],"curies":[{"name":"wp","href":"https:\/\/api.w.org\/{rel}","templated":true}]}}