{"id":1474,"date":"2024-06-30T21:40:35","date_gmt":"2024-07-01T00:40:35","guid":{"rendered":"https:\/\/icbari.com.br\/site\/?page_id=1474"},"modified":"2024-06-30T21:57:07","modified_gmt":"2024-07-01T00:57:07","slug":"termos-de-uso","status":"publish","type":"page","link":"https:\/\/icbari.com.br\/site\/termos-de-uso\/","title":{"rendered":"Termos de Uso"},"content":{"rendered":"\t\t<div data-elementor-type=\"wp-page\" data-elementor-id=\"1474\" class=\"elementor elementor-1474\" data-elementor-settings=\"{&quot;ha_cmc_init_switcher&quot;:&quot;no&quot;}\" data-elementor-post-type=\"page\">\n\t\t\t\t<div class=\"elementor-element elementor-element-9aed6bc e-flex e-con-boxed wpr-particle-no wpr-jarallax-no wpr-parallax-no wpr-sticky-section-no e-con e-parent\" data-id=\"9aed6bc\" data-element_type=\"container\" data-settings=\"{&quot;background_background&quot;:&quot;classic&quot;,&quot;background_motion_fx_motion_fx_scrolling&quot;:&quot;yes&quot;,&quot;background_motion_fx_motion_fx_mouse&quot;:&quot;yes&quot;,&quot;background_motion_fx_mouseTrack_effect&quot;:&quot;yes&quot;,&quot;background_motion_fx_devices&quot;:[&quot;desktop&quot;,&quot;tablet&quot;,&quot;mobile&quot;],&quot;background_motion_fx_mouseTrack_speed&quot;:{&quot;unit&quot;:&quot;px&quot;,&quot;size&quot;:1,&quot;sizes&quot;:[]},&quot;_ha_eqh_enable&quot;:false}\">\n\t\t\t\t\t<div class=\"e-con-inner\">\n\t\t\t\t<div class=\"elementor-element elementor-element-b36a437 elementor-invisible elementor-widget elementor-widget-heading\" data-id=\"b36a437\" data-element_type=\"widget\" data-settings=\"{&quot;_animation&quot;:&quot;fadeInUp&quot;}\" data-widget_type=\"heading.default\">\n\t\t\t\t<div class=\"elementor-widget-container\">\n\t\t\t\t\t<h2 class=\"elementor-heading-title elementor-size-default\">TERMOS DE USO<\/h2>\t\t\t\t<\/div>\n\t\t\t\t<\/div>\n\t\t\t\t<div class=\"elementor-element elementor-element-33a92e3 elementor-icon-list--layout-inline elementor-list-item-link-inline elementor-align-left e-transform elementor-tablet-align-center ha-has-bg-overlay elementor-invisible elementor-widget elementor-widget-icon-list\" data-id=\"33a92e3\" data-element_type=\"widget\" data-settings=\"{&quot;_animation&quot;:&quot;fadeInUp&quot;,&quot;_transform_rotateZ_effect&quot;:{&quot;unit&quot;:&quot;px&quot;,&quot;size&quot;:&quot;&quot;,&quot;sizes&quot;:[]},&quot;_transform_rotateZ_effect_tablet&quot;:{&quot;unit&quot;:&quot;deg&quot;,&quot;size&quot;:&quot;&quot;,&quot;sizes&quot;:[]},&quot;_transform_rotateZ_effect_mobile&quot;:{&quot;unit&quot;:&quot;deg&quot;,&quot;size&quot;:&quot;&quot;,&quot;sizes&quot;:[]}}\" data-widget_type=\"icon-list.default\">\n\t\t\t\t<div class=\"elementor-widget-container\">\n\t\t\t\t\t\t\t<ul class=\"elementor-icon-list-items elementor-inline-items\">\n\t\t\t\t\t\t\t<li class=\"elementor-icon-list-item elementor-inline-item\">\n\t\t\t\t\t\t\t\t\t\t\t<a href=\"https:\/\/icbari.com.br\/site\">\n\n\t\t\t\t\t\t\t\t\t\t\t\t<span class=\"elementor-icon-list-icon\">\n\t\t\t\t\t\t\t<i aria-hidden=\"true\" class=\"icon icon-house-1\"><\/i>\t\t\t\t\t\t<\/span>\n\t\t\t\t\t\t\t\t\t\t<span class=\"elementor-icon-list-text\">IN\u00cdCIO<\/span>\n\t\t\t\t\t\t\t\t\t\t\t<\/a>\n\t\t\t\t\t\t\t\t\t<\/li>\n\t\t\t\t\t\t\t\t<li class=\"elementor-icon-list-item elementor-inline-item\">\n\t\t\t\t\t\t\t\t\t\t<span class=\"elementor-icon-list-text\">TERMOS DE USO<\/span>\n\t\t\t\t\t\t\t\t\t<\/li>\n\t\t\t\t\t\t<\/ul>\n\t\t\t\t\t\t<\/div>\n\t\t\t\t<\/div>\n\t\t\t\t\t<\/div>\n\t\t\t\t<\/div>\n\t\t<div class=\"elementor-element elementor-element-5b86cd56 e-flex e-con-boxed wpr-particle-no wpr-jarallax-no wpr-parallax-no wpr-sticky-section-no e-con e-parent\" data-id=\"5b86cd56\" data-element_type=\"container\" data-settings=\"{&quot;_ha_eqh_enable&quot;:false}\">\n\t\t\t\t\t<div class=\"e-con-inner\">\n\t\t\t\t<div class=\"elementor-element elementor-element-6022aa12 elementor-widget elementor-widget-text-editor\" data-id=\"6022aa12\" data-element_type=\"widget\" data-widget_type=\"text-editor.default\">\n\t\t\t\t<div class=\"elementor-widget-container\">\n\t\t\t\t\t\t\t\t\t\n<p><strong>1. Contrato<\/strong><br \/>Ao acessar qualquer conte\u00fado deste site ou usar qualquer um dos nossos servi\u00e7os, voc\u00ea estar\u00e1 celebrando um contrato vinculativo com a seguinte pessoa jur\u00eddica:<\/p>\n<p>Nome: ICBARI \u2013 Instituto de Cirurgia Bari\u00e1trica &amp; Especialidades<br \/>Endere\u00e7o: Centro de Excel\u00eancia Anchieta \u00c1rea especial 8,9,10, St. C Norte Qnc, Piso T\u00e9rreo Sala 11 \u2013 Taguatinga, Bras\u00edlia\/DF<\/p>\n<p><br \/><strong>2. Uso<\/strong><br \/>As informa\u00e7\u00f5es contidas neste site t\u00eam car\u00e1ter meramente informativo e educacional e n\u00e3o devem ser utilizadas para autodiagn\u00f3stico ou automedica\u00e7\u00e3o. Em caso de d\u00favidas, consulte seu m\u00e9dico, porque somente ele est\u00e1 habilitado a realizar a formula\u00e7\u00e3o do diagn\u00f3stico nosol\u00f3gico e a respectiva prescri\u00e7\u00e3o terap\u00eautica.<\/p>\n<p>Durante a visita, o usu\u00e1rio poder\u00e1 ser requisitado a fornecer informa\u00e7\u00f5es em formul\u00e1rios ou por meio de cookies. Ao concordar, voc\u00ea garante que as informa\u00e7\u00f5es prestadas ser\u00e3o verdadeiras, atuais e completas e nos autoriza a utilizar os dados coletados segundo a Lei Geral de Prote\u00e7\u00e3o de Dados Pessoais, de 14 de agosto de 2018 (Lei N.\u00ba 13.709\/18).<\/p>\n<p><strong>3. Responsabilidades<\/strong><br \/>Faremos o poss\u00edvel para assegurar que as informa\u00e7\u00f5es deste site estejam atualizadas, precisas e completas. Entretanto, em nenhuma circunst\u00e2ncia n\u00f3s poderemos ser responsabilizados por fatos eivados de dolo quanto \u00e0 integridade, atualidade e exatid\u00e3o de tais informa\u00e7\u00f5es.<\/p>\n<p>N\u00f3s n\u00e3o podemos garantir que o acesso ao site seja livre de erros ou problemas decorrentes de casos fortuitos, internos ou externos, casos de for\u00e7a maior ou por outros casos n\u00e3o inteiramente sujeitos ao nosso controle direto. Em tais hip\u00f3teses, voc\u00ea declara e se obriga a isentar o ICBARI de quaisquer reclama\u00e7\u00f5es referentes a interrup\u00e7\u00f5es, intercepta\u00e7\u00f5es, invas\u00f5es, dissemina\u00e7\u00e3o de v\u00edrus e outros atos il\u00edcitos.<\/p>\n<p>Eventualmente, poderemos disponibilizar links de acesso para outros sites. N\u00f3s n\u00e3o teremos qualquer responsabilidade pelos servi\u00e7os ou funcionalidades de terceiros. Voc\u00ea concorda, ainda, que n\u00e3o \u00e9 dever do ICBARI fiscalizar o conte\u00fado de tais outros sites. O site tamb\u00e9m poder\u00e1 conter not\u00edcias escritas por terceiros. Nesses casos, n\u00f3s n\u00e3o nos responsabilizamos pela exatid\u00e3o e autoria desses materiais.<\/p>\n<p><strong>4. Propriedades<\/strong><br \/>Voc\u00ea concorda que todos os textos, imagens, v\u00eddeos, informa\u00e7\u00f5es, \u00edcones, softwares, \u00e1udios, logotipos, designs, c\u00f3digos de computador e outros conte\u00fados contidos neste site s\u00e3o de nossa propriedade exclusiva e est\u00e3o protegidos pelas leis de direitos autorais, marcas e outras.<\/p>\n<p>Voc\u00ea n\u00e3o dever\u00e1 reproduzir, modificar, compilar, descompilar, transmitir, publicar, sublicenciar, alugar, vender ou distribuir, no todo ou em parte, qualquer conte\u00fado deste site sem nossa pr\u00e9via autoriza\u00e7\u00e3o por escrito.<\/p>\n<p>\u200bVoc\u00ea garante que n\u00e3o registrar\u00e1 nomes de dom\u00ednio na internet, perante quaisquer entidades, contendo marcas e nomes do ICBARI. Voc\u00ea se compromete a respeitar a nossa marca, n\u00e3o devendo utiliz\u00e1-la sem pr\u00e9via autoriza\u00e7\u00e3o por escrito da empresa nem praticar atos que possam denegri-la.<\/p>\n<p><strong>5. Altera\u00e7\u00f5es na pol\u00edtica de privacidade<\/strong><br \/>Reservamos o direito de modificar estes termos para melhorar nosso servi\u00e7o, acrescentar novas solu\u00e7\u00f5es e realizar ajustes t\u00e9cnicos. Dessa forma, pedimos que os revise com frequ\u00eancia. Caso autorize, podemos avis\u00e1-lo por e-mail sobre as altera\u00e7\u00f5es realizadas.cc<\/p>\n<p><br \/><strong>6. Legisla\u00e7\u00e3o e jurisdi\u00e7\u00e3o<\/strong><br \/>Este termo de uso ser\u00e1 regido pelas leis brasileiras e suas controv\u00e9rsias dever\u00e3o ser solucionadas entre o usu\u00e1rio e o ICBARI no Foro de Bras\u00edlia, com expressa ren\u00fancia a qualquer outro, por mais privilegiado que seja.<\/p>\n<p>Ao navegar neste site, o usu\u00e1rio ter\u00e1 aceito explicitamente todos os termos de uso aqui estabelecidos. Se voc\u00ea n\u00e3o concordar com estas condi\u00e7\u00f5es, pedimos, por gentileza, que interrompa seu acesso.<\/p>\t\t\t\t\t\t\t\t<\/div>\n\t\t\t\t<\/div>\n\t\t\t\t\t<\/div>\n\t\t\t\t<\/div>\n\t\t\t\t<\/div>\n\t\t","protected":false},"excerpt":{"rendered":"<p>TERMOS DE USO IN\u00cdCIO TERMOS DE USO 1. ContratoAo acessar qualquer conte\u00fado deste site ou usar qualquer um dos nossos servi\u00e7os, voc\u00ea estar\u00e1 celebrando um contrato vinculativo com a seguinte pessoa jur\u00eddica: Nome: ICBARI \u2013 Instituto de Cirurgia Bari\u00e1trica &amp; EspecialidadesEndere\u00e7o: Centro de Excel\u00eancia Anchieta \u00c1rea especial 8,9,10, St. C Norte Qnc, Piso T\u00e9rreo Sala 11 \u2013 Taguatinga, Bras\u00edlia\/DF 2. UsoAs informa\u00e7\u00f5es contidas neste site t\u00eam car\u00e1ter meramente informativo e educacional e n\u00e3o devem ser utilizadas para autodiagn\u00f3stico ou automedica\u00e7\u00e3o. Em caso de d\u00favidas, consulte seu m\u00e9dico, porque somente ele est\u00e1 habilitado a realizar a formula\u00e7\u00e3o do diagn\u00f3stico nosol\u00f3gico e a respectiva prescri\u00e7\u00e3o terap\u00eautica. Durante a visita, o usu\u00e1rio poder\u00e1 ser requisitado a fornecer informa\u00e7\u00f5es em formul\u00e1rios ou por meio de cookies. Ao concordar, voc\u00ea garante que as informa\u00e7\u00f5es prestadas ser\u00e3o verdadeiras, atuais e completas e nos autoriza a utilizar os dados coletados segundo a Lei Geral de Prote\u00e7\u00e3o de Dados Pessoais, de 14 de agosto de 2018 (Lei N.\u00ba 13.709\/18). 3. ResponsabilidadesFaremos o poss\u00edvel para assegurar que as informa\u00e7\u00f5es deste site estejam atualizadas, precisas e completas. Entretanto, em nenhuma circunst\u00e2ncia n\u00f3s poderemos ser responsabilizados por fatos eivados de dolo quanto \u00e0 integridade, atualidade e exatid\u00e3o de tais informa\u00e7\u00f5es. N\u00f3s n\u00e3o podemos garantir que o acesso ao site seja livre de erros ou problemas decorrentes de casos fortuitos, internos ou externos, casos de for\u00e7a maior ou por outros casos n\u00e3o inteiramente sujeitos ao nosso controle direto. Em tais hip\u00f3teses, voc\u00ea declara e se obriga a isentar o ICBARI de quaisquer reclama\u00e7\u00f5es referentes a interrup\u00e7\u00f5es, intercepta\u00e7\u00f5es, invas\u00f5es, dissemina\u00e7\u00e3o de v\u00edrus e outros atos il\u00edcitos. Eventualmente, poderemos disponibilizar links de acesso para outros sites. N\u00f3s n\u00e3o teremos qualquer responsabilidade pelos servi\u00e7os ou funcionalidades de terceiros. Voc\u00ea concorda, ainda, que n\u00e3o \u00e9 dever do ICBARI fiscalizar o conte\u00fado de tais outros sites. O site tamb\u00e9m poder\u00e1 conter not\u00edcias escritas por terceiros. Nesses casos, n\u00f3s n\u00e3o nos responsabilizamos pela exatid\u00e3o e autoria desses materiais. 4. PropriedadesVoc\u00ea concorda que todos os textos, imagens, v\u00eddeos, informa\u00e7\u00f5es, \u00edcones, softwares, \u00e1udios, logotipos, designs, c\u00f3digos de computador e outros conte\u00fados contidos neste site s\u00e3o de nossa propriedade exclusiva e est\u00e3o protegidos pelas leis de direitos autorais, marcas e outras. Voc\u00ea n\u00e3o dever\u00e1 reproduzir, modificar, compilar, descompilar, transmitir, publicar, sublicenciar, alugar, vender ou distribuir, no todo ou em parte, qualquer conte\u00fado deste site sem nossa pr\u00e9via autoriza\u00e7\u00e3o por escrito. \u200bVoc\u00ea garante que n\u00e3o registrar\u00e1 nomes de dom\u00ednio na internet, perante quaisquer entidades, contendo marcas e nomes do ICBARI. Voc\u00ea se compromete a respeitar a nossa marca, n\u00e3o devendo utiliz\u00e1-la sem pr\u00e9via autoriza\u00e7\u00e3o por escrito da empresa nem praticar atos que possam denegri-la. 5. Altera\u00e7\u00f5es na pol\u00edtica de privacidadeReservamos o direito de modificar estes termos para melhorar nosso servi\u00e7o, acrescentar novas solu\u00e7\u00f5es e realizar ajustes t\u00e9cnicos. Dessa forma, pedimos que os revise com frequ\u00eancia. Caso autorize, podemos avis\u00e1-lo por e-mail sobre as altera\u00e7\u00f5es realizadas.cc 6. Legisla\u00e7\u00e3o e jurisdi\u00e7\u00e3oEste termo de uso ser\u00e1 regido pelas leis brasileiras e suas controv\u00e9rsias dever\u00e3o ser solucionadas entre o usu\u00e1rio e o ICBARI no Foro de Bras\u00edlia, com expressa ren\u00fancia a qualquer outro, por mais privilegiado que seja. Ao navegar neste site, o usu\u00e1rio ter\u00e1 aceito explicitamente todos os termos de uso aqui estabelecidos. Se voc\u00ea n\u00e3o concordar com estas condi\u00e7\u00f5es, pedimos, por gentileza, que interrompa seu acesso.<\/p>\n","protected":false},"author":1,"featured_media":0,"parent":0,"menu_order":0,"comment_status":"closed","ping_status":"closed","template":"elementor_header_footer","meta":{"footnotes":""},"class_list":["post-1474","page","type-page","status-publish","hentry"],"_links":{"self":[{"href":"https:\/\/icbari.com.br\/site\/wp-json\/wp\/v2\/pages\/1474","targetHints":{"allow":["GET"]}}],"collection":[{"href":"https:\/\/icbari.com.br\/site\/wp-json\/wp\/v2\/pages"}],"about":[{"href":"https:\/\/icbari.com.br\/site\/wp-json\/wp\/v2\/types\/page"}],"author":[{"embeddable":true,"href":"https:\/\/icbari.com.br\/site\/wp-json\/wp\/v2\/users\/1"}],"replies":[{"embeddable":true,"href":"https:\/\/icbari.com.br\/site\/wp-json\/wp\/v2\/comments?post=1474"}],"version-history":[{"count":13,"href":"https:\/\/icbari.com.br\/site\/wp-json\/wp\/v2\/pages\/1474\/revisions"}],"predecessor-version":[{"id":1521,"href":"https:\/\/icbari.com.br\/site\/wp-json\/wp\/v2\/pages\/1474\/revisions\/1521"}],"wp:attachment":[{"href":"https:\/\/icbari.com.br\/site\/wp-json\/wp\/v2\/media?parent=1474"}],"curies":[{"name":"wp","href":"https:\/\/api.w.org\/{rel}","templated":true}]}}